{"id":1231,"date":"2024-05-06T13:38:07","date_gmt":"2024-05-06T11:38:07","guid":{"rendered":"https:\/\/bearwithme.pl\/?page_id=1231"},"modified":"2025-07-26T11:07:14","modified_gmt":"2025-07-26T09:07:14","slug":"logopeda-dla-dzieci-i-mlodziezy","status":"publish","type":"page","link":"https:\/\/bearwithme.pl\/?page_id=1231","title":{"rendered":"Superwizja w plac\u00f3wce"},"content":{"rendered":"\t\t<div data-elementor-type=\"wp-page\" data-elementor-id=\"1231\" class=\"elementor elementor-1231\" data-elementor-post-type=\"page\">\n\t\t\t\t<div class=\"elementor-element elementor-element-69bee9b e-flex e-con-boxed e-con e-parent\" data-id=\"69bee9b\" data-element_type=\"container\">\n\t\t\t\t\t<div class=\"e-con-inner\">\n\t\t<div class=\"elementor-element elementor-element-2db80d8 e-con-full e-flex e-con e-child\" data-id=\"2db80d8\" data-element_type=\"container\">\n\t\t<div class=\"elementor-element elementor-element-fdae3cb e-flex e-con-boxed e-con e-child\" data-id=\"fdae3cb\" data-element_type=\"container\">\n\t\t\t\t\t<div class=\"e-con-inner\">\n\t\t\t\t<div class=\"elementor-element elementor-element-5622b8a elementor-widget__width-initial elementor-widget elementor-widget-heading\" data-id=\"5622b8a\" data-element_type=\"widget\" data-widget_type=\"heading.default\">\n\t\t\t\t<div class=\"elementor-widget-container\">\n\t\t\t\t\t<h2 class=\"elementor-heading-title elementor-size-default\">Superwizja w plac\u00f3wce<\/h2>\t\t\t\t<\/div>\n\t\t\t\t<\/div>\n\t\t\t\t\t<\/div>\n\t\t\t\t<\/div>\n\t\t\t\t<\/div>\n\t\t\t\t\t<\/div>\n\t\t\t\t<\/div>\n\t\t<div class=\"elementor-element elementor-element-d23d84c e-con-full e-flex e-con e-parent\" data-id=\"d23d84c\" data-element_type=\"container\">\n\t\t<div class=\"elementor-element elementor-element-1366c83 e-con-full e-flex e-con e-child\" data-id=\"1366c83\" data-element_type=\"container\">\n\t\t\t\t<div class=\"elementor-element elementor-element-60bc64c elementor-widget__width-initial elementor-widget-mobile__width-inherit elementor-widget elementor-widget-text-editor\" data-id=\"60bc64c\" data-element_type=\"widget\" data-widget_type=\"text-editor.default\">\n\t\t\t\t<div class=\"elementor-widget-container\">\n\t\t\t\t\t\t\t\t\t<p><span style=\"font-weight: 400;\">Praca z dzie\u0107mi to ogromna odpowiedzialno\u015b\u0107, ale te\u017c codzienne wyzwania, kt\u00f3re mog\u0105 budzi\u0107 pytania, w\u0105tpliwo\u015bci czy emocjonalne obci\u0105\u017cenie. Superwizja zespo\u0142u pedagogicznego to przestrze\u0144 do refleksji, rozmowy i rozwoju \u2013 indywidualnego i zespo\u0142owego.<\/span><\/p><p><span style=\"font-weight: 400;\">Oferujemy profesjonaln\u0105 <\/span><b>superwizj\u0119 prowadzon\u0105 przez do\u015bwiadczonego psychologa<\/b><span style=\"font-weight: 400;\">, dedykowan\u0105 nauczycielom, wychowawcom, pedagogom, terapeutom oraz ca\u0142ym zespo\u0142om pracuj\u0105cym z dzie\u0107mi i m\u0142odzie\u017c\u0105.<\/span><\/p>\t\t\t\t\t\t\t\t<\/div>\n\t\t\t\t<\/div>\n\t\t\t\t<div class=\"elementor-element elementor-element-e1ac290 elementor-widget__width-initial elementor-widget-mobile__width-inherit elementor-widget elementor-widget-heading\" data-id=\"e1ac290\" data-element_type=\"widget\" data-widget_type=\"heading.default\">\n\t\t\t\t<div class=\"elementor-widget-container\">\n\t\t\t\t\t<h2 class=\"elementor-heading-title elementor-size-default\">Podczas spotka\u0144 superwizyjnych wsp\u00f3lnie przygl\u0105damy si\u0119 m.in.:<\/h2>\t\t\t\t<\/div>\n\t\t\t\t<\/div>\n\t\t\t\t<div class=\"elementor-element elementor-element-38f8c45 elementor-align-left elementor-widget__width-initial elementor-widget-mobile__width-inherit elementor-icon-list--layout-traditional elementor-list-item-link-full_width elementor-widget elementor-widget-icon-list\" data-id=\"38f8c45\" data-element_type=\"widget\" data-widget_type=\"icon-list.default\">\n\t\t\t\t<div class=\"elementor-widget-container\">\n\t\t\t\t\t\t\t<ul class=\"elementor-icon-list-items\">\n\t\t\t\t\t\t\t<li class=\"elementor-icon-list-item\">\n\t\t\t\t\t\t\t\t\t\t\t<span class=\"elementor-icon-list-icon\">\n\t\t\t\t\t\t\t<svg aria-hidden=\"true\" class=\"e-font-icon-svg e-far-check-circle\" viewBox=\"0 0 512 512\" xmlns=\"http:\/\/www.w3.org\/2000\/svg\"><path d=\"M256 8C119.033 8 8 119.033 8 256s111.033 248 248 248 248-111.033 248-248S392.967 8 256 8zm0 48c110.532 0 200 89.451 200 200 0 110.532-89.451 200-200 200-110.532 0-200-89.451-200-200 0-110.532 89.451-200 200-200m140.204 130.267l-22.536-22.718c-4.667-4.705-12.265-4.736-16.97-.068L215.346 303.697l-59.792-60.277c-4.667-4.705-12.265-4.736-16.97-.069l-22.719 22.536c-4.705 4.667-4.736 12.265-.068 16.971l90.781 91.516c4.667 4.705 12.265 4.736 16.97.068l172.589-171.204c4.704-4.668 4.734-12.266.067-16.971z\"><\/path><\/svg>\t\t\t\t\t\t<\/span>\n\t\t\t\t\t\t\t\t\t\t<span class=\"elementor-icon-list-text\">Relacjom z dzie\u0107mi i ich rodzicami,<\/span>\n\t\t\t\t\t\t\t\t\t<\/li>\n\t\t\t\t\t\t\t\t<li class=\"elementor-icon-list-item\">\n\t\t\t\t\t\t\t\t\t\t\t<span class=\"elementor-icon-list-icon\">\n\t\t\t\t\t\t\t<svg aria-hidden=\"true\" class=\"e-font-icon-svg e-far-check-circle\" viewBox=\"0 0 512 512\" xmlns=\"http:\/\/www.w3.org\/2000\/svg\"><path d=\"M256 8C119.033 8 8 119.033 8 256s111.033 248 248 248 248-111.033 248-248S392.967 8 256 8zm0 48c110.532 0 200 89.451 200 200 0 110.532-89.451 200-200 200-110.532 0-200-89.451-200-200 0-110.532 89.451-200 200-200m140.204 130.267l-22.536-22.718c-4.667-4.705-12.265-4.736-16.97-.068L215.346 303.697l-59.792-60.277c-4.667-4.705-12.265-4.736-16.97-.069l-22.719 22.536c-4.705 4.667-4.736 12.265-.068 16.971l90.781 91.516c4.667 4.705 12.265 4.736 16.97.068l172.589-171.204c4.704-4.668 4.734-12.266.067-16.971z\"><\/path><\/svg>\t\t\t\t\t\t<\/span>\n\t\t\t\t\t\t\t\t\t\t<span class=\"elementor-icon-list-text\">Trudnym sytuacjom wychowawczym lub emocjonalnym,<\/span>\n\t\t\t\t\t\t\t\t\t<\/li>\n\t\t\t\t\t\t\t\t<li class=\"elementor-icon-list-item\">\n\t\t\t\t\t\t\t\t\t\t\t<span class=\"elementor-icon-list-icon\">\n\t\t\t\t\t\t\t<svg aria-hidden=\"true\" class=\"e-font-icon-svg e-far-check-circle\" viewBox=\"0 0 512 512\" xmlns=\"http:\/\/www.w3.org\/2000\/svg\"><path d=\"M256 8C119.033 8 8 119.033 8 256s111.033 248 248 248 248-111.033 248-248S392.967 8 256 8zm0 48c110.532 0 200 89.451 200 200 0 110.532-89.451 200-200 200-110.532 0-200-89.451-200-200 0-110.532 89.451-200 200-200m140.204 130.267l-22.536-22.718c-4.667-4.705-12.265-4.736-16.97-.068L215.346 303.697l-59.792-60.277c-4.667-4.705-12.265-4.736-16.97-.069l-22.719 22.536c-4.705 4.667-4.736 12.265-.068 16.971l90.781 91.516c4.667 4.705 12.265 4.736 16.97.068l172.589-171.204c4.704-4.668 4.734-12.266.067-16.971z\"><\/path><\/svg>\t\t\t\t\t\t<\/span>\n\t\t\t\t\t\t\t\t\t\t<span class=\"elementor-icon-list-text\">Mechanizmom przeniesienia i przeci\u0105\u017cenia zawodowego,<\/span>\n\t\t\t\t\t\t\t\t\t<\/li>\n\t\t\t\t\t\t\t\t<li class=\"elementor-icon-list-item\">\n\t\t\t\t\t\t\t\t\t\t\t<span class=\"elementor-icon-list-icon\">\n\t\t\t\t\t\t\t<svg aria-hidden=\"true\" class=\"e-font-icon-svg e-far-check-circle\" viewBox=\"0 0 512 512\" xmlns=\"http:\/\/www.w3.org\/2000\/svg\"><path d=\"M256 8C119.033 8 8 119.033 8 256s111.033 248 248 248 248-111.033 248-248S392.967 8 256 8zm0 48c110.532 0 200 89.451 200 200 0 110.532-89.451 200-200 200-110.532 0-200-89.451-200-200 0-110.532 89.451-200 200-200m140.204 130.267l-22.536-22.718c-4.667-4.705-12.265-4.736-16.97-.068L215.346 303.697l-59.792-60.277c-4.667-4.705-12.265-4.736-16.97-.069l-22.719 22.536c-4.705 4.667-4.736 12.265-.068 16.971l90.781 91.516c4.667 4.705 12.265 4.736 16.97.068l172.589-171.204c4.704-4.668 4.734-12.266.067-16.971z\"><\/path><\/svg>\t\t\t\t\t\t<\/span>\n\t\t\t\t\t\t\t\t\t\t<span class=\"elementor-icon-list-text\">Wyzwaniom zespo\u0142owej wsp\u00f3\u0142pracy i komunikacji,<\/span>\n\t\t\t\t\t\t\t\t\t<\/li>\n\t\t\t\t\t\t\t\t<li class=\"elementor-icon-list-item\">\n\t\t\t\t\t\t\t\t\t\t\t<span class=\"elementor-icon-list-icon\">\n\t\t\t\t\t\t\t<svg aria-hidden=\"true\" class=\"e-font-icon-svg e-far-check-circle\" viewBox=\"0 0 512 512\" xmlns=\"http:\/\/www.w3.org\/2000\/svg\"><path d=\"M256 8C119.033 8 8 119.033 8 256s111.033 248 248 248 248-111.033 248-248S392.967 8 256 8zm0 48c110.532 0 200 89.451 200 200 0 110.532-89.451 200-200 200-110.532 0-200-89.451-200-200 0-110.532 89.451-200 200-200m140.204 130.267l-22.536-22.718c-4.667-4.705-12.265-4.736-16.97-.068L215.346 303.697l-59.792-60.277c-4.667-4.705-12.265-4.736-16.97-.069l-22.719 22.536c-4.705 4.667-4.736 12.265-.068 16.971l90.781 91.516c4.667 4.705 12.265 4.736 16.97.068l172.589-171.204c4.704-4.668 4.734-12.266.067-16.971z\"><\/path><\/svg>\t\t\t\t\t\t<\/span>\n\t\t\t\t\t\t\t\t\t\t<span class=\"elementor-icon-list-text\">Strategiom wspieraj\u0105cym dobrostan i skuteczno\u015b\u0107 w pracy.<\/span>\n\t\t\t\t\t\t\t\t\t<\/li>\n\t\t\t\t\t\t<\/ul>\n\t\t\t\t\t\t<\/div>\n\t\t\t\t<\/div>\n\t\t\t\t<\/div>\n\t\t<div class=\"elementor-element elementor-element-be22d6f e-con-full e-flex e-con e-child\" data-id=\"be22d6f\" data-element_type=\"container\">\n\t\t\t\t<div class=\"elementor-element elementor-element-d1204fc elementor-invisible elementor-widget elementor-widget-image\" data-id=\"d1204fc\" data-element_type=\"widget\" data-settings=\"{&quot;_animation&quot;:&quot;fadeInRight&quot;,&quot;_animation_mobile&quot;:&quot;fadeInUp&quot;,&quot;motion_fx_motion_fx_scrolling&quot;:&quot;yes&quot;,&quot;motion_fx_translateY_effect&quot;:&quot;yes&quot;,&quot;sticky&quot;:&quot;top&quot;,&quot;sticky_parent&quot;:&quot;yes&quot;,&quot;motion_fx_translateY_speed&quot;:{&quot;unit&quot;:&quot;px&quot;,&quot;size&quot;:4,&quot;sizes&quot;:[]},&quot;motion_fx_translateY_affectedRange&quot;:{&quot;unit&quot;:&quot;%&quot;,&quot;size&quot;:&quot;&quot;,&quot;sizes&quot;:{&quot;start&quot;:0,&quot;end&quot;:100}},&quot;motion_fx_devices&quot;:[&quot;desktop&quot;,&quot;tablet&quot;,&quot;mobile&quot;],&quot;sticky_on&quot;:[&quot;desktop&quot;,&quot;tablet&quot;,&quot;mobile&quot;],&quot;sticky_offset&quot;:0,&quot;sticky_effects_offset&quot;:0,&quot;sticky_anchor_link_offset&quot;:0}\" data-widget_type=\"image.default\">\n\t\t\t\t<div class=\"elementor-widget-container\">\n\t\t\t\t\t\t\t\t\t\t\t\t\t\t\t<img fetchpriority=\"high\" decoding=\"async\" width=\"1024\" height=\"912\" src=\"https:\/\/bearwithme.pl\/wp-content\/uploads\/2024\/05\/dziecko_logopeda-1024x912.jpg\" class=\"attachment-large size-large wp-image-1233\" alt=\"Gabinet psychologiczny\" srcset=\"https:\/\/bearwithme.pl\/wp-content\/uploads\/2024\/05\/dziecko_logopeda-1024x912.jpg 1024w, https:\/\/bearwithme.pl\/wp-content\/uploads\/2024\/05\/dziecko_logopeda-300x267.jpg 300w, https:\/\/bearwithme.pl\/wp-content\/uploads\/2024\/05\/dziecko_logopeda-768x684.jpg 768w, https:\/\/bearwithme.pl\/wp-content\/uploads\/2024\/05\/dziecko_logopeda-1536x1369.jpg 1536w, https:\/\/bearwithme.pl\/wp-content\/uploads\/2024\/05\/dziecko_logopeda.jpg 1724w\" sizes=\"(max-width: 1024px) 100vw, 1024px\" \/>\t\t\t\t\t\t\t\t\t\t\t\t\t\t\t<\/div>\n\t\t\t\t<\/div>\n\t\t\t\t<\/div>\n\t\t\t\t<\/div>\n\t\t<div class=\"elementor-element elementor-element-6132ef2 e-flex e-con-boxed e-con e-parent\" data-id=\"6132ef2\" data-element_type=\"container\">\n\t\t\t\t\t<div class=\"e-con-inner\">\n\t\t\t\t<div class=\"elementor-element elementor-element-de794a7 elementor-widget__width-inherit elementor-widget elementor-widget-text-editor\" data-id=\"de794a7\" data-element_type=\"widget\" data-widget_type=\"text-editor.default\">\n\t\t\t\t<div class=\"elementor-widget-container\">\n\t\t\t\t\t\t\t\t\t<p><span style=\"font-weight: 400;\">Superwizja ma charakter wspieraj\u0105cy i rozwojowy \u2013 to nie ocena, ale <\/span><b>bezpieczna przestrze\u0144 do zatrzymania si\u0119, podzielenia do\u015bwiadczeniem i poszukiwania rozwi\u0105za\u0144<\/b><span style=\"font-weight: 400;\"> w duchu wsp\u00f3\u0142pracy i wzajemnego szacunku.<\/span><\/p><p><span style=\"font-weight: 400;\">Spotkania mog\u0105 odbywa\u0107 si\u0119 cyklicznie lub jednorazowo \u2013 stacjonarnie lub online, w zale\u017cno\u015bci od potrzeb plac\u00f3wki.<\/span><\/p><p><span style=\"font-weight: 400;\">Superwizja trwa oko\u0142o dw\u00f3ch godzin zegarowych i odbywa si\u0119 zazwyczaj raz w miesi\u0105cu.\u00a0<\/span><\/p><p><br \/><span style=\"font-weight: 400;\">Zadbaj o sw\u00f3j zesp\u00f3\u0142 i tw\u00f3rzcie razem \u015brodowisko, w kt\u00f3rym dobrze czuj\u0105 si\u0119 zar\u00f3wno dzieci, jak i doro\u015bli. <\/span><b>Zapraszamy do kontaktu \u2013 wsp\u00f3lnie znajdziemy formu\u0142\u0119 najlepiej dopasowan\u0105 do Waszych potrzeb.<\/b><\/p>\t\t\t\t\t\t\t\t<\/div>\n\t\t\t\t<\/div>\n\t\t\t\t<div class=\"elementor-element elementor-element-4e28073 elementor-widget elementor-widget-eael-creative-button\" data-id=\"4e28073\" data-element_type=\"widget\" data-widget_type=\"eael-creative-button.default\">\n\t\t\t\t<div class=\"elementor-widget-container\">\n\t\t\t\t\t        <div class=\"eael-creative-button-wrapper\">\n\n            <a class=\"eael-creative-button eael-creative-button--default\" href=\"#umowsie\" data-text=\"Go!\">\n\n\t    \n                <div class=\"creative-button-inner\">\n\n                    \n                    <span class=\"cretive-button-text\">UM\u00d3W SI\u0118<\/span>\n\n                                    <\/div>\n\t                        <\/a>\n        <\/div>\n        \t\t\t\t<\/div>\n\t\t\t\t<\/div>\n\t\t\t\t\t<\/div>\n\t\t\t\t<\/div>\n\t\t<div class=\"elementor-element elementor-element-f0ef83f e-flex e-con-boxed e-con e-parent\" data-id=\"f0ef83f\" data-element_type=\"container\">\n\t\t\t\t\t<div class=\"e-con-inner\">\n\t\t\t\t\t<\/div>\n\t\t\t\t<\/div>\n\t\t\t\t<\/div>\n\t\t","protected":false},"excerpt":{"rendered":"<p>Superwizja w plac\u00f3wce Praca z dzie\u0107mi to ogromna odpowiedzialno\u015b\u0107, ale te\u017c codzienne wyzwania, kt\u00f3re mog\u0105 budzi\u0107 pytania, w\u0105tpliwo\u015bci czy emocjonalne obci\u0105\u017cenie. Superwizja zespo\u0142u pedagogicznego to przestrze\u0144 do refleksji, rozmowy i [&hellip;]<\/p>\n","protected":false},"author":1,"featured_media":0,"parent":0,"menu_order":0,"comment_status":"closed","ping_status":"closed","template":"","meta":{"site-sidebar-layout":"no-sidebar","site-content-layout":"","ast-site-content-layout":"full-width-container","site-content-style":"default","site-sidebar-style":"default","ast-global-header-display":"","ast-banner-title-visibility":"disabled","ast-main-header-display":"disabled","ast-hfb-above-header-display":"","ast-hfb-below-header-display":"","ast-hfb-mobile-header-display":"","site-post-title":"disabled","ast-breadcrumbs-content":"disabled","ast-featured-img":"disabled","footer-sml-layout":"disabled","theme-transparent-header-meta":"default","adv-header-id-meta":"","stick-header-meta":"","header-above-stick-meta":"","header-main-stick-meta":"","header-below-stick-meta":"","astra-migrate-meta-layouts":"set","ast-page-background-enabled":"default","ast-page-background-meta":{"desktop":{"background-color":"var(--ast-global-color-4)","background-image":"","background-repeat":"repeat","background-position":"center center","background-size":"auto","background-attachment":"scroll","background-type":"","background-media":"","overlay-type":"","overlay-color":"","overlay-opacity":"","overlay-gradient":""},"tablet":{"background-color":"","background-image":"","background-repeat":"repeat","background-position":"center center","background-size":"auto","background-attachment":"scroll","background-type":"","background-media":"","overlay-type":"","overlay-color":"","overlay-opacity":"","overlay-gradient":""},"mobile":{"background-color":"","background-image":"","background-repeat":"repeat","background-position":"center center","background-size":"auto","background-attachment":"scroll","background-type":"","background-media":"","overlay-type":"","overlay-color":"","overlay-opacity":"","overlay-gradient":""}},"ast-content-background-meta":{"desktop":{"background-color":"var(--ast-global-color-5)","background-image":"","background-repeat":"repeat","background-position":"center center","background-size":"auto","background-attachment":"scroll","background-type":"","background-media":"","overlay-type":"","overlay-color":"","overlay-opacity":"","overlay-gradient":""},"tablet":{"background-color":"var(--ast-global-color-5)","background-image":"","background-repeat":"repeat","background-position":"center center","background-size":"auto","background-attachment":"scroll","background-type":"","background-media":"","overlay-type":"","overlay-color":"","overlay-opacity":"","overlay-gradient":""},"mobile":{"background-color":"var(--ast-global-color-5)","background-image":"","background-repeat":"repeat","background-position":"center center","background-size":"auto","background-attachment":"scroll","background-type":"","background-media":"","overlay-type":"","overlay-color":"","overlay-opacity":"","overlay-gradient":""}},"footnotes":""},"class_list":["post-1231","page","type-page","status-publish","hentry"],"yoast_head":"<!-- This site is optimized with the Yoast SEO plugin v24.4 - https:\/\/yoast.com\/wordpress\/plugins\/seo\/ -->\n<title>Superwizja w plac\u00f3wce - Bear With Me - Centrum terapii<\/title>\n<meta name=\"robots\" content=\"index, follow, max-snippet:-1, max-image-preview:large, max-video-preview:-1\" \/>\n<link rel=\"canonical\" href=\"https:\/\/bearwithme.pl\/?page_id=1231\" \/>\n<meta property=\"og:locale\" content=\"pl_PL\" \/>\n<meta property=\"og:type\" content=\"article\" \/>\n<meta property=\"og:title\" content=\"Superwizja w plac\u00f3wce - Bear With Me - Centrum terapii\" \/>\n<meta property=\"og:description\" content=\"Superwizja w plac\u00f3wce Praca z dzie\u0107mi to ogromna odpowiedzialno\u015b\u0107, ale te\u017c codzienne wyzwania, kt\u00f3re mog\u0105 budzi\u0107 pytania, w\u0105tpliwo\u015bci czy emocjonalne obci\u0105\u017cenie. Superwizja zespo\u0142u pedagogicznego to przestrze\u0144 do refleksji, rozmowy i [&hellip;]\" \/>\n<meta property=\"og:url\" content=\"https:\/\/bearwithme.pl\/?page_id=1231\" \/>\n<meta property=\"og:site_name\" content=\"Bear With Me - Centrum terapii\" \/>\n<meta property=\"article:modified_time\" content=\"2025-07-26T09:07:14+00:00\" \/>\n<meta property=\"og:image\" content=\"https:\/\/bearwithme.pl\/wp-content\/uploads\/2024\/05\/dziecko_logopeda.jpg\" \/>\n\t<meta property=\"og:image:width\" content=\"1724\" \/>\n\t<meta property=\"og:image:height\" content=\"1536\" \/>\n\t<meta property=\"og:image:type\" content=\"image\/jpeg\" \/>\n<meta name=\"twitter:card\" content=\"summary_large_image\" \/>\n<meta name=\"twitter:label1\" content=\"Szacowany czas czytania\" \/>\n\t<meta name=\"twitter:data1\" content=\"2 minuty\" \/>\n<script type=\"application\/ld+json\" class=\"yoast-schema-graph\">{\"@context\":\"https:\/\/schema.org\",\"@graph\":[{\"@type\":\"WebPage\",\"@id\":\"https:\/\/bearwithme.pl\/?page_id=1231\",\"url\":\"https:\/\/bearwithme.pl\/?page_id=1231\",\"name\":\"Superwizja w plac\u00f3wce - Bear With Me - Centrum terapii\",\"isPartOf\":{\"@id\":\"https:\/\/bearwithme.pl\/#website\"},\"primaryImageOfPage\":{\"@id\":\"https:\/\/bearwithme.pl\/?page_id=1231#primaryimage\"},\"image\":{\"@id\":\"https:\/\/bearwithme.pl\/?page_id=1231#primaryimage\"},\"thumbnailUrl\":\"http:\/\/bearwithme.pl\/wp-content\/uploads\/2024\/05\/dziecko_logopeda-1024x912.jpg\",\"datePublished\":\"2024-05-06T11:38:07+00:00\",\"dateModified\":\"2025-07-26T09:07:14+00:00\",\"breadcrumb\":{\"@id\":\"https:\/\/bearwithme.pl\/?page_id=1231#breadcrumb\"},\"inLanguage\":\"pl-PL\",\"potentialAction\":[{\"@type\":\"ReadAction\",\"target\":[\"https:\/\/bearwithme.pl\/?page_id=1231\"]}]},{\"@type\":\"ImageObject\",\"inLanguage\":\"pl-PL\",\"@id\":\"https:\/\/bearwithme.pl\/?page_id=1231#primaryimage\",\"url\":\"http:\/\/bearwithme.pl\/wp-content\/uploads\/2024\/05\/dziecko_logopeda-1024x912.jpg\",\"contentUrl\":\"http:\/\/bearwithme.pl\/wp-content\/uploads\/2024\/05\/dziecko_logopeda-1024x912.jpg\"},{\"@type\":\"BreadcrumbList\",\"@id\":\"https:\/\/bearwithme.pl\/?page_id=1231#breadcrumb\",\"itemListElement\":[{\"@type\":\"ListItem\",\"position\":1,\"name\":\"Strona g\u0142\u00f3wna\",\"item\":\"https:\/\/bearwithme.pl\/\"},{\"@type\":\"ListItem\",\"position\":2,\"name\":\"Superwizja w plac\u00f3wce\"}]},{\"@type\":\"WebSite\",\"@id\":\"https:\/\/bearwithme.pl\/#website\",\"url\":\"https:\/\/bearwithme.pl\/\",\"name\":\"Bear With Me - Centrum terapii\",\"description\":\"\",\"potentialAction\":[{\"@type\":\"SearchAction\",\"target\":{\"@type\":\"EntryPoint\",\"urlTemplate\":\"https:\/\/bearwithme.pl\/?s={search_term_string}\"},\"query-input\":{\"@type\":\"PropertyValueSpecification\",\"valueRequired\":true,\"valueName\":\"search_term_string\"}}],\"inLanguage\":\"pl-PL\"}]}<\/script>\n<!-- \/ Yoast SEO plugin. -->","yoast_head_json":{"title":"Superwizja w plac\u00f3wce - Bear With Me - Centrum terapii","robots":{"index":"index","follow":"follow","max-snippet":"max-snippet:-1","max-image-preview":"max-image-preview:large","max-video-preview":"max-video-preview:-1"},"canonical":"https:\/\/bearwithme.pl\/?page_id=1231","og_locale":"pl_PL","og_type":"article","og_title":"Superwizja w plac\u00f3wce - Bear With Me - Centrum terapii","og_description":"Superwizja w plac\u00f3wce Praca z dzie\u0107mi to ogromna odpowiedzialno\u015b\u0107, ale te\u017c codzienne wyzwania, kt\u00f3re mog\u0105 budzi\u0107 pytania, w\u0105tpliwo\u015bci czy emocjonalne obci\u0105\u017cenie. Superwizja zespo\u0142u pedagogicznego to przestrze\u0144 do refleksji, rozmowy i [&hellip;]","og_url":"https:\/\/bearwithme.pl\/?page_id=1231","og_site_name":"Bear With Me - Centrum terapii","article_modified_time":"2025-07-26T09:07:14+00:00","og_image":[{"width":1724,"height":1536,"url":"https:\/\/bearwithme.pl\/wp-content\/uploads\/2024\/05\/dziecko_logopeda.jpg","type":"image\/jpeg"}],"twitter_card":"summary_large_image","twitter_misc":{"Szacowany czas czytania":"2 minuty"},"schema":{"@context":"https:\/\/schema.org","@graph":[{"@type":"WebPage","@id":"https:\/\/bearwithme.pl\/?page_id=1231","url":"https:\/\/bearwithme.pl\/?page_id=1231","name":"Superwizja w plac\u00f3wce - Bear With Me - Centrum terapii","isPartOf":{"@id":"https:\/\/bearwithme.pl\/#website"},"primaryImageOfPage":{"@id":"https:\/\/bearwithme.pl\/?page_id=1231#primaryimage"},"image":{"@id":"https:\/\/bearwithme.pl\/?page_id=1231#primaryimage"},"thumbnailUrl":"http:\/\/bearwithme.pl\/wp-content\/uploads\/2024\/05\/dziecko_logopeda-1024x912.jpg","datePublished":"2024-05-06T11:38:07+00:00","dateModified":"2025-07-26T09:07:14+00:00","breadcrumb":{"@id":"https:\/\/bearwithme.pl\/?page_id=1231#breadcrumb"},"inLanguage":"pl-PL","potentialAction":[{"@type":"ReadAction","target":["https:\/\/bearwithme.pl\/?page_id=1231"]}]},{"@type":"ImageObject","inLanguage":"pl-PL","@id":"https:\/\/bearwithme.pl\/?page_id=1231#primaryimage","url":"http:\/\/bearwithme.pl\/wp-content\/uploads\/2024\/05\/dziecko_logopeda-1024x912.jpg","contentUrl":"http:\/\/bearwithme.pl\/wp-content\/uploads\/2024\/05\/dziecko_logopeda-1024x912.jpg"},{"@type":"BreadcrumbList","@id":"https:\/\/bearwithme.pl\/?page_id=1231#breadcrumb","itemListElement":[{"@type":"ListItem","position":1,"name":"Strona g\u0142\u00f3wna","item":"https:\/\/bearwithme.pl\/"},{"@type":"ListItem","position":2,"name":"Superwizja w plac\u00f3wce"}]},{"@type":"WebSite","@id":"https:\/\/bearwithme.pl\/#website","url":"https:\/\/bearwithme.pl\/","name":"Bear With Me - Centrum terapii","description":"","potentialAction":[{"@type":"SearchAction","target":{"@type":"EntryPoint","urlTemplate":"https:\/\/bearwithme.pl\/?s={search_term_string}"},"query-input":{"@type":"PropertyValueSpecification","valueRequired":true,"valueName":"search_term_string"}}],"inLanguage":"pl-PL"}]}},"_links":{"self":[{"href":"https:\/\/bearwithme.pl\/index.php?rest_route=\/wp\/v2\/pages\/1231","targetHints":{"allow":["GET"]}}],"collection":[{"href":"https:\/\/bearwithme.pl\/index.php?rest_route=\/wp\/v2\/pages"}],"about":[{"href":"https:\/\/bearwithme.pl\/index.php?rest_route=\/wp\/v2\/types\/page"}],"author":[{"embeddable":true,"href":"https:\/\/bearwithme.pl\/index.php?rest_route=\/wp\/v2\/users\/1"}],"replies":[{"embeddable":true,"href":"https:\/\/bearwithme.pl\/index.php?rest_route=%2Fwp%2Fv2%2Fcomments&post=1231"}],"version-history":[{"count":68,"href":"https:\/\/bearwithme.pl\/index.php?rest_route=\/wp\/v2\/pages\/1231\/revisions"}],"predecessor-version":[{"id":2370,"href":"https:\/\/bearwithme.pl\/index.php?rest_route=\/wp\/v2\/pages\/1231\/revisions\/2370"}],"wp:attachment":[{"href":"https:\/\/bearwithme.pl\/index.php?rest_route=%2Fwp%2Fv2%2Fmedia&parent=1231"}],"curies":[{"name":"wp","href":"https:\/\/api.w.org\/{rel}","templated":true}]}}