{"id":1314,"date":"2024-05-06T15:29:37","date_gmt":"2024-05-06T13:29:37","guid":{"rendered":"https:\/\/bearwithme.pl\/?page_id=1314"},"modified":"2024-05-23T16:01:37","modified_gmt":"2024-05-23T14:01:37","slug":"warsztaty-psychoedukacyjne-dla-rodzicow","status":"publish","type":"page","link":"https:\/\/bearwithme.pl\/?page_id=1314","title":{"rendered":"Warsztaty psychoedukacyjne dla rodzic\u00f3w"},"content":{"rendered":"\t\t<div data-elementor-type=\"wp-page\" data-elementor-id=\"1314\" class=\"elementor elementor-1314\" data-elementor-post-type=\"page\">\n\t\t\t\t<div class=\"elementor-element elementor-element-69bee9b e-flex e-con-boxed e-con e-parent\" data-id=\"69bee9b\" data-element_type=\"container\">\n\t\t\t\t\t<div class=\"e-con-inner\">\n\t\t<div class=\"elementor-element elementor-element-2db80d8 e-con-full e-flex e-con e-child\" data-id=\"2db80d8\" data-element_type=\"container\">\n\t\t<div class=\"elementor-element elementor-element-fdae3cb e-flex e-con-boxed e-con e-child\" data-id=\"fdae3cb\" data-element_type=\"container\">\n\t\t\t\t\t<div class=\"e-con-inner\">\n\t\t\t\t<div class=\"elementor-element elementor-element-5622b8a elementor-widget__width-initial elementor-widget elementor-widget-heading\" data-id=\"5622b8a\" data-element_type=\"widget\" data-widget_type=\"heading.default\">\n\t\t\t\t<div class=\"elementor-widget-container\">\n\t\t\t\t\t<h2 class=\"elementor-heading-title elementor-size-default\">Warsztaty psychoedukacyjne dla rodzic\u00f3w<\/h2>\t\t\t\t<\/div>\n\t\t\t\t<\/div>\n\t\t\t\t\t<\/div>\n\t\t\t\t<\/div>\n\t\t\t\t<\/div>\n\t\t\t\t\t<\/div>\n\t\t\t\t<\/div>\n\t\t<div class=\"elementor-element elementor-element-d23d84c e-con-full e-flex e-con e-parent\" data-id=\"d23d84c\" data-element_type=\"container\">\n\t\t<div class=\"elementor-element elementor-element-1366c83 e-con-full e-flex e-con e-child\" data-id=\"1366c83\" data-element_type=\"container\">\n\t\t\t\t<div class=\"elementor-element elementor-element-e1ac290 elementor-widget__width-initial elementor-widget-mobile__width-inherit elementor-widget elementor-widget-heading\" data-id=\"e1ac290\" data-element_type=\"widget\" data-widget_type=\"heading.default\">\n\t\t\t\t<div class=\"elementor-widget-container\">\n\t\t\t\t\t<h2 class=\"elementor-heading-title elementor-size-default\">Co oferujemy na naszych warsztatach? \n<\/h2>\t\t\t\t<\/div>\n\t\t\t\t<\/div>\n\t\t\t\t<div class=\"elementor-element elementor-element-60bc64c elementor-widget__width-initial elementor-widget-mobile__width-inherit elementor-widget elementor-widget-text-editor\" data-id=\"60bc64c\" data-element_type=\"widget\" data-widget_type=\"text-editor.default\">\n\t\t\t\t<div class=\"elementor-widget-container\">\n\t\t\t\t\t\t\t\t\t<p>W naszej ofercie mamy tak\u017ce zaj\u0119cia dla rodzic\u00f3w\/opiekun\u00f3w, kt\u00f3rzy czuj\u0105, \u017ce chcieliby poszerzy\u0107 swoj\u0105 wiedz\u0119 na temat rozwoju dziecka, tego jak si\u0119 z nim komunikowa\u0107 czy skutecznie wspiera\u0107. Warsztaty skierowane s\u0105 zar\u00f3wno dla rodzic\u00f3w\/opiekun\u00f3w dzieci neuror\u00f3\u017cnorodnych, jak i neurotypowych. W ka\u017cdym miesi\u0105cu organizujemy warsztaty o innej tematyce, aby dowiedzie\u0107 si\u0119 co aktualnie planujemy zajrzyj do zak\u0142adki <strong><a href=\"https:\/\/bearwithme.pl\/?page_id=955\">KALENDARIUM.<\/a><\/strong><\/p>\t\t\t\t\t\t\t\t<\/div>\n\t\t\t\t<\/div>\n\t\t\t\t<div class=\"elementor-element elementor-element-38f8c45 elementor-align-left elementor-widget__width-initial elementor-widget-mobile__width-inherit elementor-icon-list--layout-traditional elementor-list-item-link-full_width elementor-widget elementor-widget-icon-list\" data-id=\"38f8c45\" data-element_type=\"widget\" data-widget_type=\"icon-list.default\">\n\t\t\t\t<div class=\"elementor-widget-container\">\n\t\t\t\t\t\t\t<ul class=\"elementor-icon-list-items\">\n\t\t\t\t\t\t\t<li class=\"elementor-icon-list-item\">\n\t\t\t\t\t\t\t\t\t\t\t<span class=\"elementor-icon-list-icon\">\n\t\t\t\t\t\t\t<svg xmlns=\"http:\/\/www.w3.org\/2000\/svg\" height=\"512pt\" viewBox=\"0 0 512 512\" width=\"512pt\"><path d=\"m369.164062 174.769531c7.8125 7.8125 7.8125 20.476563 0 28.285157l-134.171874 134.175781c-7.8125 7.808593-20.472657 7.808593-28.285157 0l-63.871093-63.875c-7.8125-7.808594-7.8125-20.472657 0-28.28125 7.808593-7.8125 20.472656-7.8125 28.28125 0l49.730468 49.730469 120.03125-120.035157c7.8125-7.808593 20.476563-7.808593 28.285156 0zm142.835938 81.230469c0 141.503906-114.515625 256-256 256-141.503906 0-256-114.515625-256-256 0-141.503906 114.515625-256 256-256 141.503906 0 256 114.515625 256 256zm-40 0c0-119.394531-96.621094-216-216-216-119.394531 0-216 96.621094-216 216 0 119.394531 96.621094 216 216 216 119.394531 0 216-96.621094 216-216zm0 0\"><\/path><\/svg>\t\t\t\t\t\t<\/span>\n\t\t\t\t\t\t\t\t\t\t<span class=\"elementor-icon-list-text\"><b>Zrozumienie Rozwoju Dziecka:<\/b> Podczas warsztat\u00f3w omawiamy etapy rozwoju dziecka, zar\u00f3wno fizycznego, jak i emocjonalnego, aby rodzice mieli g\u0142\u0119bsze zrozumienie potrzeb i wyzwa\u0144, z jakimi mog\u0105 si\u0119 spotka\u0107 w r\u00f3\u017cnych fazach dzieci\u0144stwa.<\/span>\n\t\t\t\t\t\t\t\t\t<\/li>\n\t\t\t\t\t\t\t\t<li class=\"elementor-icon-list-item\">\n\t\t\t\t\t\t\t\t\t\t\t<span class=\"elementor-icon-list-icon\">\n\t\t\t\t\t\t\t<svg xmlns=\"http:\/\/www.w3.org\/2000\/svg\" height=\"512pt\" viewBox=\"0 0 512 512\" width=\"512pt\"><path d=\"m369.164062 174.769531c7.8125 7.8125 7.8125 20.476563 0 28.285157l-134.171874 134.175781c-7.8125 7.808593-20.472657 7.808593-28.285157 0l-63.871093-63.875c-7.8125-7.808594-7.8125-20.472657 0-28.28125 7.808593-7.8125 20.472656-7.8125 28.28125 0l49.730468 49.730469 120.03125-120.035157c7.8125-7.808593 20.476563-7.808593 28.285156 0zm142.835938 81.230469c0 141.503906-114.515625 256-256 256-141.503906 0-256-114.515625-256-256 0-141.503906 114.515625-256 256-256 141.503906 0 256 114.515625 256 256zm-40 0c0-119.394531-96.621094-216-216-216-119.394531 0-216 96.621094-216 216 0 119.394531 96.621094 216 216 216 119.394531 0 216-96.621094 216-216zm0 0\"><\/path><\/svg>\t\t\t\t\t\t<\/span>\n\t\t\t\t\t\t\t\t\t\t<span class=\"elementor-icon-list-text\"><b>Techniki Skutecznej Komunikacji: <\/b>Nauka efektywnych technik komunikacji jest kluczowa dla budowania zdrowych relacji rodzinnych. Na warsztatach omawiamy strategie komunikacyjne, kt\u00f3re pomagaj\u0105 w radzeniu sobie z konfliktami, wyra\u017caniu emocji i budowaniu wi\u0119zi z dzie\u0107mi.<\/span>\n\t\t\t\t\t\t\t\t\t<\/li>\n\t\t\t\t\t\t\t\t<li class=\"elementor-icon-list-item\">\n\t\t\t\t\t\t\t\t\t\t\t<span class=\"elementor-icon-list-icon\">\n\t\t\t\t\t\t\t<svg xmlns=\"http:\/\/www.w3.org\/2000\/svg\" height=\"512pt\" viewBox=\"0 0 512 512\" width=\"512pt\"><path d=\"m369.164062 174.769531c7.8125 7.8125 7.8125 20.476563 0 28.285157l-134.171874 134.175781c-7.8125 7.808593-20.472657 7.808593-28.285157 0l-63.871093-63.875c-7.8125-7.808594-7.8125-20.472657 0-28.28125 7.808593-7.8125 20.472656-7.8125 28.28125 0l49.730468 49.730469 120.03125-120.035157c7.8125-7.808593 20.476563-7.808593 28.285156 0zm142.835938 81.230469c0 141.503906-114.515625 256-256 256-141.503906 0-256-114.515625-256-256 0-141.503906 114.515625-256 256-256 141.503906 0 256 114.515625 256 256zm-40 0c0-119.394531-96.621094-216-216-216-119.394531 0-216 96.621094-216 216 0 119.394531 96.621094 216 216 216 119.394531 0 216-96.621094 216-216zm0 0\"><\/path><\/svg>\t\t\t\t\t\t<\/span>\n\t\t\t\t\t\t\t\t\t\t<span class=\"elementor-icon-list-text\"><b>Rozwi\u0105zywanie Problem\u00f3w Zachowania: <\/B>Wspieramy rodzic\u00f3w w radzeniu sobie z trudno\u015bciami wychowawczymi, takimi jak trudne zachowania dziecka, problemy z dyscyplin\u0105 czy negatywne wzorce zachowa\u0144. Omawiamy skuteczne metody zarz\u0105dzania zachowaniem i promowanie pozytywnych nawyk\u00f3w.<\/span>\n\t\t\t\t\t\t\t\t\t<\/li>\n\t\t\t\t\t\t\t\t<li class=\"elementor-icon-list-item\">\n\t\t\t\t\t\t\t\t\t\t\t<span class=\"elementor-icon-list-icon\">\n\t\t\t\t\t\t\t<svg xmlns=\"http:\/\/www.w3.org\/2000\/svg\" height=\"512pt\" viewBox=\"0 0 512 512\" width=\"512pt\"><path d=\"m369.164062 174.769531c7.8125 7.8125 7.8125 20.476563 0 28.285157l-134.171874 134.175781c-7.8125 7.808593-20.472657 7.808593-28.285157 0l-63.871093-63.875c-7.8125-7.808594-7.8125-20.472657 0-28.28125 7.808593-7.8125 20.472656-7.8125 28.28125 0l49.730468 49.730469 120.03125-120.035157c7.8125-7.808593 20.476563-7.808593 28.285156 0zm142.835938 81.230469c0 141.503906-114.515625 256-256 256-141.503906 0-256-114.515625-256-256 0-141.503906 114.515625-256 256-256 141.503906 0 256 114.515625 256 256zm-40 0c0-119.394531-96.621094-216-216-216-119.394531 0-216 96.621094-216 216 0 119.394531 96.621094 216 216 216 119.394531 0 216-96.621094 216-216zm0 0\"><\/path><\/svg>\t\t\t\t\t\t<\/span>\n\t\t\t\t\t\t\t\t\t\t<span class=\"elementor-icon-list-text\"><b>Samopomoc Rodzicielska: <\/b>Rozw\u00f3j dziecka mo\u017ce by\u0107 wymagaj\u0105cy dla rodzic\u00f3w, dlatego wa\u017cne jest, aby pami\u0119ta\u0107 o w\u0142asnym zdrowiu psychicznym i fizycznym. Na warsztatach omawiamy strategie dbania o siebie, kt\u00f3re pomagaj\u0105 rodzicom radzi\u0107 sobie ze stresem i utrzyma\u0107 r\u00f3wnowag\u0119 w \u017cyciu rodzinnym.<\/span>\n\t\t\t\t\t\t\t\t\t<\/li>\n\t\t\t\t\t\t\t\t<li class=\"elementor-icon-list-item\">\n\t\t\t\t\t\t\t\t\t\t\t<span class=\"elementor-icon-list-icon\">\n\t\t\t\t\t\t\t<svg xmlns=\"http:\/\/www.w3.org\/2000\/svg\" height=\"512pt\" viewBox=\"0 0 512 512\" width=\"512pt\"><path d=\"m369.164062 174.769531c7.8125 7.8125 7.8125 20.476563 0 28.285157l-134.171874 134.175781c-7.8125 7.808593-20.472657 7.808593-28.285157 0l-63.871093-63.875c-7.8125-7.808594-7.8125-20.472657 0-28.28125 7.808593-7.8125 20.472656-7.8125 28.28125 0l49.730468 49.730469 120.03125-120.035157c7.8125-7.808593 20.476563-7.808593 28.285156 0zm142.835938 81.230469c0 141.503906-114.515625 256-256 256-141.503906 0-256-114.515625-256-256 0-141.503906 114.515625-256 256-256 141.503906 0 256 114.515625 256 256zm-40 0c0-119.394531-96.621094-216-216-216-119.394531 0-216 96.621094-216 216 0 119.394531 96.621094 216 216 216 119.394531 0 216-96.621094 216-216zm0 0\"><\/path><\/svg>\t\t\t\t\t\t<\/span>\n\t\t\t\t\t\t\t\t\t\t<span class=\"elementor-icon-list-text\"><b>Wsparcie Spo\u0142eczne i Sie\u0107 Wsparcia: <\/b>Zach\u0119camy rodzic\u00f3w do budowania wsparcia spo\u0142ecznego i korzystania z sieci wsparcia rodzinnego. Omawiamy znaczenie relacji z innymi rodzicami oraz korzy\u015bci p\u0142yn\u0105ce z uczestnictwa w grupach wsparcia rodzicielskiego.<\/span>\n\t\t\t\t\t\t\t\t\t<\/li>\n\t\t\t\t\t\t<\/ul>\n\t\t\t\t\t\t<\/div>\n\t\t\t\t<\/div>\n\t\t\t\t<\/div>\n\t\t<div class=\"elementor-element elementor-element-be22d6f e-con-full e-flex e-con e-child\" data-id=\"be22d6f\" data-element_type=\"container\">\n\t\t\t\t<div class=\"elementor-element elementor-element-d1204fc elementor-invisible elementor-widget elementor-widget-image\" data-id=\"d1204fc\" data-element_type=\"widget\" data-settings=\"{&quot;_animation&quot;:&quot;fadeInRight&quot;,&quot;_animation_mobile&quot;:&quot;fadeInUp&quot;,&quot;sticky&quot;:&quot;top&quot;,&quot;sticky_parent&quot;:&quot;yes&quot;,&quot;motion_fx_motion_fx_scrolling&quot;:&quot;yes&quot;,&quot;motion_fx_translateY_effect&quot;:&quot;yes&quot;,&quot;motion_fx_translateY_speed&quot;:{&quot;unit&quot;:&quot;px&quot;,&quot;size&quot;:4,&quot;sizes&quot;:[]},&quot;motion_fx_translateY_affectedRange&quot;:{&quot;unit&quot;:&quot;%&quot;,&quot;size&quot;:&quot;&quot;,&quot;sizes&quot;:{&quot;start&quot;:0,&quot;end&quot;:100}},&quot;motion_fx_devices&quot;:[&quot;desktop&quot;,&quot;tablet&quot;,&quot;mobile&quot;],&quot;sticky_on&quot;:[&quot;desktop&quot;,&quot;tablet&quot;,&quot;mobile&quot;],&quot;sticky_offset&quot;:0,&quot;sticky_effects_offset&quot;:0,&quot;sticky_anchor_link_offset&quot;:0}\" data-widget_type=\"image.default\">\n\t\t\t\t<div class=\"elementor-widget-container\">\n\t\t\t\t\t\t\t\t\t\t\t\t\t\t\t<img fetchpriority=\"high\" decoding=\"async\" width=\"1024\" height=\"912\" src=\"https:\/\/bearwithme.pl\/wp-content\/uploads\/2024\/05\/dziecko_lrodzice-1024x912.jpg\" class=\"attachment-large size-large wp-image-1319\" alt=\"Psycholog Jelenia G\u00f3ra\" srcset=\"https:\/\/bearwithme.pl\/wp-content\/uploads\/2024\/05\/dziecko_lrodzice-1024x912.jpg 1024w, https:\/\/bearwithme.pl\/wp-content\/uploads\/2024\/05\/dziecko_lrodzice-300x267.jpg 300w, https:\/\/bearwithme.pl\/wp-content\/uploads\/2024\/05\/dziecko_lrodzice-768x684.jpg 768w, https:\/\/bearwithme.pl\/wp-content\/uploads\/2024\/05\/dziecko_lrodzice-1536x1369.jpg 1536w, https:\/\/bearwithme.pl\/wp-content\/uploads\/2024\/05\/dziecko_lrodzice.jpg 1724w\" sizes=\"(max-width: 1024px) 100vw, 1024px\" \/>\t\t\t\t\t\t\t\t\t\t\t\t\t\t\t<\/div>\n\t\t\t\t<\/div>\n\t\t\t\t<\/div>\n\t\t\t\t<\/div>\n\t\t<div class=\"elementor-element elementor-element-6132ef2 e-flex e-con-boxed e-con e-parent\" data-id=\"6132ef2\" data-element_type=\"container\">\n\t\t\t\t\t<div class=\"e-con-inner\">\n\t\t\t\t<div class=\"elementor-element elementor-element-de794a7 elementor-widget__width-inherit elementor-widget elementor-widget-text-editor\" data-id=\"de794a7\" data-element_type=\"widget\" data-widget_type=\"text-editor.default\">\n\t\t\t\t<div class=\"elementor-widget-container\">\n\t\t\t\t\t\t\t\t\t<p>Wiemy jak zabiegani bywaj\u0105 rodzice wi\u0119c udzia\u0142 w naszych warsztatach to przede wszystkim mo\u017cliwo\u015b\u0107 otrzymania konkretnych narz\u0119dzi, fachowa porada od specjalist\u00f3w, a tak\u017ce okazja do tego \u017ceby spotka\u0107 si\u0119 z innymi rodzicami i wymieni\u0107 do\u015bwiadczeniem.<\/p>\t\t\t\t\t\t\t\t<\/div>\n\t\t\t\t<\/div>\n\t\t\t\t<div class=\"elementor-element elementor-element-e52652b elementor-widget elementor-widget-eael-creative-button\" data-id=\"e52652b\" data-element_type=\"widget\" data-widget_type=\"eael-creative-button.default\">\n\t\t\t\t<div class=\"elementor-widget-container\">\n\t\t\t\t\t        <div class=\"eael-creative-button-wrapper\">\n\n            <a class=\"eael-creative-button eael-creative-button--default\" href=\"#umowsie\" data-text=\"Go!\">\n\n\t    \n                <div class=\"creative-button-inner\">\n\n                    \n                    <span class=\"cretive-button-text\">UM\u00d3W SI\u0118<\/span>\n\n                                    <\/div>\n\t                        <\/a>\n        <\/div>\n        \t\t\t\t<\/div>\n\t\t\t\t<\/div>\n\t\t\t\t\t<\/div>\n\t\t\t\t<\/div>\n\t\t\t\t<\/div>\n\t\t","protected":false},"excerpt":{"rendered":"<p>Warsztaty psychoedukacyjne dla rodzic\u00f3w Co oferujemy na naszych warsztatach? W naszej ofercie mamy tak\u017ce zaj\u0119cia dla rodzic\u00f3w\/opiekun\u00f3w, kt\u00f3rzy czuj\u0105, \u017ce chcieliby poszerzy\u0107 swoj\u0105 wiedz\u0119 na temat rozwoju dziecka, tego jak [&hellip;]<\/p>\n","protected":false},"author":1,"featured_media":0,"parent":0,"menu_order":0,"comment_status":"closed","ping_status":"closed","template":"","meta":{"site-sidebar-layout":"no-sidebar","site-content-layout":"","ast-site-content-layout":"full-width-container","site-content-style":"default","site-sidebar-style":"default","ast-global-header-display":"","ast-banner-title-visibility":"disabled","ast-main-header-display":"disabled","ast-hfb-above-header-display":"","ast-hfb-below-header-display":"","ast-hfb-mobile-header-display":"disabled","site-post-title":"disabled","ast-breadcrumbs-content":"disabled","ast-featured-img":"disabled","footer-sml-layout":"disabled","theme-transparent-header-meta":"default","adv-header-id-meta":"","stick-header-meta":"","header-above-stick-meta":"","header-main-stick-meta":"","header-below-stick-meta":"","astra-migrate-meta-layouts":"set","ast-page-background-enabled":"default","ast-page-background-meta":{"desktop":{"background-color":"var(--ast-global-color-4)","background-image":"","background-repeat":"repeat","background-position":"center center","background-size":"auto","background-attachment":"scroll","background-type":"","background-media":"","overlay-type":"","overlay-color":"","overlay-opacity":"","overlay-gradient":""},"tablet":{"background-color":"","background-image":"","background-repeat":"repeat","background-position":"center center","background-size":"auto","background-attachment":"scroll","background-type":"","background-media":"","overlay-type":"","overlay-color":"","overlay-opacity":"","overlay-gradient":""},"mobile":{"background-color":"","background-image":"","background-repeat":"repeat","background-position":"center center","background-size":"auto","background-attachment":"scroll","background-type":"","background-media":"","overlay-type":"","overlay-color":"","overlay-opacity":"","overlay-gradient":""}},"ast-content-background-meta":{"desktop":{"background-color":"var(--ast-global-color-5)","background-image":"","background-repeat":"repeat","background-position":"center center","background-size":"auto","background-attachment":"scroll","background-type":"","background-media":"","overlay-type":"","overlay-color":"","overlay-opacity":"","overlay-gradient":""},"tablet":{"background-color":"var(--ast-global-color-5)","background-image":"","background-repeat":"repeat","background-position":"center center","background-size":"auto","background-attachment":"scroll","background-type":"","background-media":"","overlay-type":"","overlay-color":"","overlay-opacity":"","overlay-gradient":""},"mobile":{"background-color":"var(--ast-global-color-5)","background-image":"","background-repeat":"repeat","background-position":"center center","background-size":"auto","background-attachment":"scroll","background-type":"","background-media":"","overlay-type":"","overlay-color":"","overlay-opacity":"","overlay-gradient":""}},"footnotes":""},"class_list":["post-1314","page","type-page","status-publish","hentry"],"yoast_head":"<!-- This site is optimized with the Yoast SEO plugin v24.4 - https:\/\/yoast.com\/wordpress\/plugins\/seo\/ -->\n<title>Warsztaty psychoedukacyjne dla rodzic\u00f3w - Bear With Me - Centrum terapii<\/title>\n<meta name=\"robots\" content=\"index, follow, max-snippet:-1, max-image-preview:large, max-video-preview:-1\" \/>\n<link rel=\"canonical\" href=\"https:\/\/bearwithme.pl\/?page_id=1314\" \/>\n<meta property=\"og:locale\" content=\"pl_PL\" \/>\n<meta property=\"og:type\" content=\"article\" \/>\n<meta property=\"og:title\" content=\"Warsztaty psychoedukacyjne dla rodzic\u00f3w - Bear With Me - Centrum terapii\" \/>\n<meta property=\"og:description\" content=\"Warsztaty psychoedukacyjne dla rodzic\u00f3w Co oferujemy na naszych warsztatach? W naszej ofercie mamy tak\u017ce zaj\u0119cia dla rodzic\u00f3w\/opiekun\u00f3w, kt\u00f3rzy czuj\u0105, \u017ce chcieliby poszerzy\u0107 swoj\u0105 wiedz\u0119 na temat rozwoju dziecka, tego jak [&hellip;]\" \/>\n<meta property=\"og:url\" content=\"https:\/\/bearwithme.pl\/?page_id=1314\" \/>\n<meta property=\"og:site_name\" content=\"Bear With Me - Centrum terapii\" \/>\n<meta property=\"article:modified_time\" content=\"2024-05-23T14:01:37+00:00\" \/>\n<meta property=\"og:image\" content=\"http:\/\/bearwithme.pl\/wp-content\/uploads\/2024\/05\/dziecko_lrodzice-1024x912.jpg\" \/>\n<meta name=\"twitter:card\" content=\"summary_large_image\" \/>\n<meta name=\"twitter:label1\" content=\"Szacowany czas czytania\" \/>\n\t<meta name=\"twitter:data1\" content=\"2 minuty\" \/>\n<script type=\"application\/ld+json\" class=\"yoast-schema-graph\">{\"@context\":\"https:\/\/schema.org\",\"@graph\":[{\"@type\":\"WebPage\",\"@id\":\"https:\/\/bearwithme.pl\/?page_id=1314\",\"url\":\"https:\/\/bearwithme.pl\/?page_id=1314\",\"name\":\"Warsztaty psychoedukacyjne dla rodzic\u00f3w - Bear With Me - Centrum terapii\",\"isPartOf\":{\"@id\":\"https:\/\/bearwithme.pl\/#website\"},\"primaryImageOfPage\":{\"@id\":\"https:\/\/bearwithme.pl\/?page_id=1314#primaryimage\"},\"image\":{\"@id\":\"https:\/\/bearwithme.pl\/?page_id=1314#primaryimage\"},\"thumbnailUrl\":\"http:\/\/bearwithme.pl\/wp-content\/uploads\/2024\/05\/dziecko_lrodzice-1024x912.jpg\",\"datePublished\":\"2024-05-06T13:29:37+00:00\",\"dateModified\":\"2024-05-23T14:01:37+00:00\",\"breadcrumb\":{\"@id\":\"https:\/\/bearwithme.pl\/?page_id=1314#breadcrumb\"},\"inLanguage\":\"pl-PL\",\"potentialAction\":[{\"@type\":\"ReadAction\",\"target\":[\"https:\/\/bearwithme.pl\/?page_id=1314\"]}]},{\"@type\":\"ImageObject\",\"inLanguage\":\"pl-PL\",\"@id\":\"https:\/\/bearwithme.pl\/?page_id=1314#primaryimage\",\"url\":\"http:\/\/bearwithme.pl\/wp-content\/uploads\/2024\/05\/dziecko_lrodzice-1024x912.jpg\",\"contentUrl\":\"http:\/\/bearwithme.pl\/wp-content\/uploads\/2024\/05\/dziecko_lrodzice-1024x912.jpg\"},{\"@type\":\"BreadcrumbList\",\"@id\":\"https:\/\/bearwithme.pl\/?page_id=1314#breadcrumb\",\"itemListElement\":[{\"@type\":\"ListItem\",\"position\":1,\"name\":\"Strona g\u0142\u00f3wna\",\"item\":\"https:\/\/bearwithme.pl\/\"},{\"@type\":\"ListItem\",\"position\":2,\"name\":\"Warsztaty psychoedukacyjne dla rodzic\u00f3w\"}]},{\"@type\":\"WebSite\",\"@id\":\"https:\/\/bearwithme.pl\/#website\",\"url\":\"https:\/\/bearwithme.pl\/\",\"name\":\"Bear With Me - Centrum terapii\",\"description\":\"\",\"potentialAction\":[{\"@type\":\"SearchAction\",\"target\":{\"@type\":\"EntryPoint\",\"urlTemplate\":\"https:\/\/bearwithme.pl\/?s={search_term_string}\"},\"query-input\":{\"@type\":\"PropertyValueSpecification\",\"valueRequired\":true,\"valueName\":\"search_term_string\"}}],\"inLanguage\":\"pl-PL\"}]}<\/script>\n<!-- \/ Yoast SEO plugin. -->","yoast_head_json":{"title":"Warsztaty psychoedukacyjne dla rodzic\u00f3w - Bear With Me - Centrum terapii","robots":{"index":"index","follow":"follow","max-snippet":"max-snippet:-1","max-image-preview":"max-image-preview:large","max-video-preview":"max-video-preview:-1"},"canonical":"https:\/\/bearwithme.pl\/?page_id=1314","og_locale":"pl_PL","og_type":"article","og_title":"Warsztaty psychoedukacyjne dla rodzic\u00f3w - Bear With Me - Centrum terapii","og_description":"Warsztaty psychoedukacyjne dla rodzic\u00f3w Co oferujemy na naszych warsztatach? W naszej ofercie mamy tak\u017ce zaj\u0119cia dla rodzic\u00f3w\/opiekun\u00f3w, kt\u00f3rzy czuj\u0105, \u017ce chcieliby poszerzy\u0107 swoj\u0105 wiedz\u0119 na temat rozwoju dziecka, tego jak [&hellip;]","og_url":"https:\/\/bearwithme.pl\/?page_id=1314","og_site_name":"Bear With Me - Centrum terapii","article_modified_time":"2024-05-23T14:01:37+00:00","og_image":[{"url":"http:\/\/bearwithme.pl\/wp-content\/uploads\/2024\/05\/dziecko_lrodzice-1024x912.jpg","type":"","width":"","height":""}],"twitter_card":"summary_large_image","twitter_misc":{"Szacowany czas czytania":"2 minuty"},"schema":{"@context":"https:\/\/schema.org","@graph":[{"@type":"WebPage","@id":"https:\/\/bearwithme.pl\/?page_id=1314","url":"https:\/\/bearwithme.pl\/?page_id=1314","name":"Warsztaty psychoedukacyjne dla rodzic\u00f3w - Bear With Me - Centrum terapii","isPartOf":{"@id":"https:\/\/bearwithme.pl\/#website"},"primaryImageOfPage":{"@id":"https:\/\/bearwithme.pl\/?page_id=1314#primaryimage"},"image":{"@id":"https:\/\/bearwithme.pl\/?page_id=1314#primaryimage"},"thumbnailUrl":"http:\/\/bearwithme.pl\/wp-content\/uploads\/2024\/05\/dziecko_lrodzice-1024x912.jpg","datePublished":"2024-05-06T13:29:37+00:00","dateModified":"2024-05-23T14:01:37+00:00","breadcrumb":{"@id":"https:\/\/bearwithme.pl\/?page_id=1314#breadcrumb"},"inLanguage":"pl-PL","potentialAction":[{"@type":"ReadAction","target":["https:\/\/bearwithme.pl\/?page_id=1314"]}]},{"@type":"ImageObject","inLanguage":"pl-PL","@id":"https:\/\/bearwithme.pl\/?page_id=1314#primaryimage","url":"http:\/\/bearwithme.pl\/wp-content\/uploads\/2024\/05\/dziecko_lrodzice-1024x912.jpg","contentUrl":"http:\/\/bearwithme.pl\/wp-content\/uploads\/2024\/05\/dziecko_lrodzice-1024x912.jpg"},{"@type":"BreadcrumbList","@id":"https:\/\/bearwithme.pl\/?page_id=1314#breadcrumb","itemListElement":[{"@type":"ListItem","position":1,"name":"Strona g\u0142\u00f3wna","item":"https:\/\/bearwithme.pl\/"},{"@type":"ListItem","position":2,"name":"Warsztaty psychoedukacyjne dla rodzic\u00f3w"}]},{"@type":"WebSite","@id":"https:\/\/bearwithme.pl\/#website","url":"https:\/\/bearwithme.pl\/","name":"Bear With Me - Centrum terapii","description":"","potentialAction":[{"@type":"SearchAction","target":{"@type":"EntryPoint","urlTemplate":"https:\/\/bearwithme.pl\/?s={search_term_string}"},"query-input":{"@type":"PropertyValueSpecification","valueRequired":true,"valueName":"search_term_string"}}],"inLanguage":"pl-PL"}]}},"_links":{"self":[{"href":"https:\/\/bearwithme.pl\/index.php?rest_route=\/wp\/v2\/pages\/1314","targetHints":{"allow":["GET"]}}],"collection":[{"href":"https:\/\/bearwithme.pl\/index.php?rest_route=\/wp\/v2\/pages"}],"about":[{"href":"https:\/\/bearwithme.pl\/index.php?rest_route=\/wp\/v2\/types\/page"}],"author":[{"embeddable":true,"href":"https:\/\/bearwithme.pl\/index.php?rest_route=\/wp\/v2\/users\/1"}],"replies":[{"embeddable":true,"href":"https:\/\/bearwithme.pl\/index.php?rest_route=%2Fwp%2Fv2%2Fcomments&post=1314"}],"version-history":[{"count":34,"href":"https:\/\/bearwithme.pl\/index.php?rest_route=\/wp\/v2\/pages\/1314\/revisions"}],"predecessor-version":[{"id":1831,"href":"https:\/\/bearwithme.pl\/index.php?rest_route=\/wp\/v2\/pages\/1314\/revisions\/1831"}],"wp:attachment":[{"href":"https:\/\/bearwithme.pl\/index.php?rest_route=%2Fwp%2Fv2%2Fmedia&parent=1314"}],"curies":[{"name":"wp","href":"https:\/\/api.w.org\/{rel}","templated":true}]}}