{"id":2128,"date":"2024-09-10T13:52:40","date_gmt":"2024-09-10T11:52:40","guid":{"rendered":"https:\/\/bearwithme.pl\/?page_id=2128"},"modified":"2024-09-10T15:11:32","modified_gmt":"2024-09-10T13:11:32","slug":"blog_en","status":"publish","type":"page","link":"https:\/\/bearwithme.pl\/?page_id=2128","title":{"rendered":"Blog_EN"},"content":{"rendered":"\t\t<div data-elementor-type=\"wp-page\" data-elementor-id=\"2128\" class=\"elementor elementor-2128\" data-elementor-post-type=\"page\">\n\t\t\t\t<div class=\"elementor-element elementor-element-69bee9b e-flex e-con-boxed e-con e-parent\" data-id=\"69bee9b\" data-element_type=\"container\">\n\t\t\t\t\t<div class=\"e-con-inner\">\n\t\t<div class=\"elementor-element elementor-element-2db80d8 e-con-full e-flex e-con e-child\" data-id=\"2db80d8\" data-element_type=\"container\">\n\t\t<div class=\"elementor-element elementor-element-fdae3cb e-flex e-con-boxed e-con e-child\" data-id=\"fdae3cb\" data-element_type=\"container\">\n\t\t\t\t\t<div class=\"e-con-inner\">\n\t\t\t\t<div class=\"elementor-element elementor-element-f82d4d1 elementor-widget-mobile__width-initial elementor-widget elementor-widget-image\" data-id=\"f82d4d1\" data-element_type=\"widget\" data-widget_type=\"image.default\">\n\t\t\t\t<div class=\"elementor-widget-container\">\n\t\t\t\t\t\t\t\t\t\t\t\t\t\t\t<img decoding=\"async\" width=\"98\" height=\"100\" src=\"https:\/\/bearwithme.pl\/wp-content\/uploads\/2024\/03\/cudzysl.png\" class=\"attachment-large size-large wp-image-111\" alt=\"pomoc psychologiczna dla dzieci autystycznych w Jeleniej G\u00f3rze\" \/>\t\t\t\t\t\t\t\t\t\t\t\t\t\t\t<\/div>\n\t\t\t\t<\/div>\n\t\t\t\t<div class=\"elementor-element elementor-element-5622b8a elementor-widget__width-initial elementor-widget elementor-widget-heading\" data-id=\"5622b8a\" data-element_type=\"widget\" data-widget_type=\"heading.default\">\n\t\t\t\t<div class=\"elementor-widget-container\">\n\t\t\t\t\t<h2 class=\"elementor-heading-title elementor-size-default\">Blog<\/h2>\t\t\t\t<\/div>\n\t\t\t\t<\/div>\n\t\t\t\t\t<\/div>\n\t\t\t\t<\/div>\n\t\t\t\t<\/div>\n\t\t\t\t\t<\/div>\n\t\t\t\t<\/div>\n\t\t<div class=\"elementor-element elementor-element-6132ef2 e-flex e-con-boxed e-con e-parent\" data-id=\"6132ef2\" data-element_type=\"container\">\n\t\t\t\t\t<div class=\"e-con-inner\">\n\t\t\t\t<div class=\"elementor-element elementor-element-9966bad elementor-widget__width-initial elementor-widget-mobile__width-inherit elementor-widget elementor-widget-heading\" data-id=\"9966bad\" data-element_type=\"widget\" data-widget_type=\"heading.default\">\n\t\t\t\t<div class=\"elementor-widget-container\">\n\t\t\t\t\t<h2 class=\"elementor-heading-title elementor-size-default\">Knowledge center<\/h2>\t\t\t\t<\/div>\n\t\t\t\t<\/div>\n\t\t\t\t<div class=\"elementor-element elementor-element-8fa1285 elementor-widget elementor-widget-eael-creative-button\" data-id=\"8fa1285\" data-element_type=\"widget\" data-widget_type=\"eael-creative-button.default\">\n\t\t\t\t<div class=\"elementor-widget-container\">\n\t\t\t\t\t        <div class=\"eael-creative-button-wrapper\">\n\n            <a class=\"eael-creative-button eael-creative-button--default\" href=\"#umowsie\" data-text=\"Go!\">\n\n\t    \n                <div class=\"creative-button-inner\">\n\n                    \n                    <span class=\"cretive-button-text\">Book an appointment<\/span>\n\n                                    <\/div>\n\t                        <\/a>\n        <\/div>\n        \t\t\t\t<\/div>\n\t\t\t\t<\/div>\n\t\t\t\t<div class=\"elementor-element elementor-element-de794a7 elementor-widget__width-inherit elementor-widget elementor-widget-text-editor\" data-id=\"de794a7\" data-element_type=\"widget\" data-widget_type=\"text-editor.default\">\n\t\t\t\t<div class=\"elementor-widget-container\">\n\t\t\t\t\t\t\t\t\t<p><span style=\"font-weight: 400;\">At the Psychological and Educational Center for Children and Teenagers in Jelenia G\u00f3ra, we focus on education and supporting the development of every young individual. Our articles explore topics related to child and adolescent psychology, education, family relationships, and other aspects essential for healthy development and quality of life.<\/span><\/p><p><span style=\"font-weight: 400;\">By browsing our archive, you&#8217;ll find a wealth of knowledge, practical tips, and inspiration that will help you better understand your child&#8217;s world and discover effective methods to support their development.<\/span><\/p><p><span style=\"font-weight: 400;\">We invite you to explore our blog posts and uncover valuable information that can serve as a guide in the daily care of children and teenagers.<\/span><\/p>\t\t\t\t\t\t\t\t<\/div>\n\t\t\t\t<\/div>\n\t\t\t\t\t<\/div>\n\t\t\t\t<\/div>\n\t\t<div class=\"elementor-element elementor-element-577dd47 e-flex e-con-boxed e-con e-parent\" data-id=\"577dd47\" data-element_type=\"container\">\n\t\t\t\t\t<div class=\"e-con-inner\">\n\t\t\t\t<div class=\"elementor-element elementor-element-160b90d elementor-widget elementor-widget-elementskit-blog-posts\" data-id=\"160b90d\" data-element_type=\"widget\" data-widget_type=\"elementskit-blog-posts.default\">\n\t\t\t\t<div class=\"elementor-widget-container\">\n\t\t\t\t\t<div class=\"ekit-wid-con\" >        <div id=\"post-items--160b90d\" class=\"row post-items\">\n                    <div class=\"col-lg-4 col-md-6\">\n\n                                    <div class=\"elementskit-post-image-card\">\n                        <div class=\"elementskit-entry-header\">\n                                                            <a href=\"https:\/\/bearwithme.pl\/?p=2284\" class=\"elementskit-entry-thumb\">\n                                    <img decoding=\"async\" src=\"https:\/\/bearwithme.pl\/wp-content\/uploads\/2024\/10\/Bez-nazwy-1.jpg\" alt=\"Jak budowa\u0107 pozytywne relacje z r\u00f3wie\u015bnikami?\">\n                                <\/a><!-- .elementskit-entry-thumb END -->\n                                                            \n                            \n\t\t\t\t\t\t\t\t\t\t\t\t\t<\/div><!-- .elementskit-entry-header END -->\n\n\t\t\t\t\t\t<div class=\"elementskit-post-body \">\n\t\t\t\t\t\t\t\n\t\t\t\t\t\t\t\t\t\t\t\t\t\t\t\t\t\t\t\t\t\t\t\t\t\t\t\t\t\t\n\t\t\t\t\t\t\t\t\n\t\t\t\t\t\t\t\t\t\t\t\t\t\t\t\t\t\t\t\t\t<h2 class=\"entry-title\">\n\t\t\t\t\t<a href=\"https:\/\/bearwithme.pl\/?p=2284\">\n\t\t\t\t\t\tJak budowa\u0107 pozytywne relacje z r\u00f3wie\u015bnikami?\t\t\t\t\t<\/a>\n\t\t\t\t<\/h2>\n\t\t\t\t\t\t\t\t\t\t\t\t\t\t\t\t\t\t\t\t\t\t\t\t\t\t\t\t\t\t\t\t\t\t\t\t\t\t\t\t\t\t<p>W relacjach z r\u00f3wie\u015bnikami kryje si\u0119 ogromne znaczenie dla rozwoju dzieci i m\u0142odzie\u017cy, warto zrozumie\u0107, jak budowa\u0107 te relacje, aby sprzyja\u0142y zdrowemu rozwojowi emocjonalnemu. 1. Zrozumienie znaczenia relacji Relacje z [&hellip;]<\/p>\n\t\t\t\t\t\t\t\t\t\t\t\t\t\t\t\t\t\t\t\t\t\t                                                            <div class=\"btn-wraper\">\n                                    \n                                                                            <a class=\"elementskit-btn whitespace--normal\" id=\"\" href=\"https:\/\/bearwithme.pl\/?p=2284\">\n                                        \t                                            CZYTAJ                                        <\/a>\n                                                                    <\/div>\n                                                    <\/div><!-- .elementskit-post-body END -->\n                    <\/div>\n                \n            <\/div>\n                    <div class=\"col-lg-4 col-md-6\">\n\n                                    <div class=\"elementskit-post-image-card\">\n                        <div class=\"elementskit-entry-header\">\n                                                            <a href=\"https:\/\/bearwithme.pl\/?p=2278\" class=\"elementskit-entry-thumb\">\n                                    <img decoding=\"async\" src=\"https:\/\/bearwithme.pl\/wp-content\/uploads\/2024\/05\/dziecko_gra-1024x912.jpg\" alt=\"Jak wspiera\u0107 koncentracj\u0119 u dziecka?\">\n                                <\/a><!-- .elementskit-entry-thumb END -->\n                                                            \n                            \n\t\t\t\t\t\t\t\t\t\t\t\t\t<\/div><!-- .elementskit-entry-header END -->\n\n\t\t\t\t\t\t<div class=\"elementskit-post-body \">\n\t\t\t\t\t\t\t\n\t\t\t\t\t\t\t\t\t\t\t\t\t\t\t\t\t\t\t\t\t\t\t\t\t\t\t\t\t\t\n\t\t\t\t\t\t\t\t\n\t\t\t\t\t\t\t\t\t\t\t\t\t\t\t\t\t\t\t\t\t<h2 class=\"entry-title\">\n\t\t\t\t\t<a href=\"https:\/\/bearwithme.pl\/?p=2278\">\n\t\t\t\t\t\tJak wspiera\u0107 koncentracj\u0119 u dziecka?\t\t\t\t\t<\/a>\n\t\t\t\t<\/h2>\n\t\t\t\t\t\t\t\t\t\t\t\t\t\t\t\t\t\t\t\t\t\t\t\t\t\t\t\t\t\t\t\t\t\t\t\t\t\t\t\t\t\t<p>Wielu doros\u0142ych, rodzic\u00f3w i edukator\u00f3w coraz cz\u0119\u015bciej m\u00f3wi o tym, \u017ce aktualnie dzieci nie potrafi\u0105 si\u0119 skupi\u0107 nawet przez kilka minut, \u017ce trudno\u015bci sprawia im koncentracja na prostym zadaniu, zapami\u0119tanie [&hellip;]<\/p>\n\t\t\t\t\t\t\t\t\t\t\t\t\t\t\t\t\t\t\t\t\t\t                                                            <div class=\"btn-wraper\">\n                                    \n                                                                            <a class=\"elementskit-btn whitespace--normal\" id=\"\" href=\"https:\/\/bearwithme.pl\/?p=2278\">\n                                        \t                                            CZYTAJ                                        <\/a>\n                                                                    <\/div>\n                                                    <\/div><!-- .elementskit-post-body END -->\n                    <\/div>\n                \n            <\/div>\n                    <div class=\"col-lg-4 col-md-6\">\n\n                                    <div class=\"elementskit-post-image-card\">\n                        <div class=\"elementskit-entry-header\">\n                                                            <a href=\"https:\/\/bearwithme.pl\/?p=1477\" class=\"elementskit-entry-thumb\">\n                                    <img decoding=\"async\" src=\"https:\/\/bearwithme.pl\/wp-content\/uploads\/2024\/05\/dziecko_tus-1024x912.jpg\" alt=\"Psychologiczne wyzwania dzieci i m\u0142odzie\u017cy: Jak radzi\u0107 sobie z problemami emocjonalnymi\">\n                                <\/a><!-- .elementskit-entry-thumb END -->\n                                                            \n                            \n\t\t\t\t\t\t\t\t\t\t\t\t\t<\/div><!-- .elementskit-entry-header END -->\n\n\t\t\t\t\t\t<div class=\"elementskit-post-body \">\n\t\t\t\t\t\t\t\n\t\t\t\t\t\t\t\t\t\t\t\t\t\t\t\t\t\t\t\t\t\t\t\t\t\t\t\t\t\t\n\t\t\t\t\t\t\t\t\n\t\t\t\t\t\t\t\t\t\t\t\t\t\t\t\t\t\t\t\t\t<h2 class=\"entry-title\">\n\t\t\t\t\t<a href=\"https:\/\/bearwithme.pl\/?p=1477\">\n\t\t\t\t\t\tPsychologiczne wyzwania dzieci i m\u0142odzie\u017cy: Jak radzi\u0107 sobie z problemami emocjonalnymi\t\t\t\t\t<\/a>\n\t\t\t\t<\/h2>\n\t\t\t\t\t\t\t\t\t\t\t\t\t\t\t\t\t\t\t\t\t\t\t\t\t\t\t\t\t\t\t\t\t\t\t\t\t\t\t\t\t\t<p>Dzieci i m\u0142odzie\u017c cz\u0119sto zmagaj\u0105 si\u0119 z r\u00f3\u017cnorodnymi problemami emocjonalnymi, kt\u00f3re mog\u0105 znacz\u0105co wp\u0142yn\u0105\u0107 na ich \u017cycie i dobrostan. W Jeleniej G\u00f3rze, Psychologowie odgrywaj\u0105 kluczow\u0105 rol\u0119 w pomaganiu m\u0142odym ludziom [&hellip;]<\/p>\n\t\t\t\t\t\t\t\t\t\t\t\t\t\t\t\t\t\t\t\t\t\t                                                            <div class=\"btn-wraper\">\n                                    \n                                                                            <a class=\"elementskit-btn whitespace--normal\" id=\"\" href=\"https:\/\/bearwithme.pl\/?p=1477\">\n                                        \t                                            CZYTAJ                                        <\/a>\n                                                                    <\/div>\n                                                    <\/div><!-- .elementskit-post-body END -->\n                    <\/div>\n                \n            <\/div>\n                <\/div>\n       <\/div>\t\t\t\t<\/div>\n\t\t\t\t<\/div>\n\t\t\t\t\t<\/div>\n\t\t\t\t<\/div>\n\t\t\t\t<\/div>\n\t\t","protected":false},"excerpt":{"rendered":"<p>Blog Knowledge center Book an appointment At the Psychological and Educational Center for Children and Teenagers in Jelenia G\u00f3ra, we focus on education and supporting the development of every young [&hellip;]<\/p>\n","protected":false},"author":1,"featured_media":0,"parent":0,"menu_order":0,"comment_status":"closed","ping_status":"closed","template":"","meta":{"site-sidebar-layout":"no-sidebar","site-content-layout":"","ast-site-content-layout":"full-width-container","site-content-style":"default","site-sidebar-style":"default","ast-global-header-display":"","ast-banner-title-visibility":"disabled","ast-main-header-display":"disabled","ast-hfb-above-header-display":"","ast-hfb-below-header-display":"","ast-hfb-mobile-header-display":"","site-post-title":"disabled","ast-breadcrumbs-content":"disabled","ast-featured-img":"disabled","footer-sml-layout":"disabled","theme-transparent-header-meta":"default","adv-header-id-meta":"","stick-header-meta":"","header-above-stick-meta":"","header-main-stick-meta":"","header-below-stick-meta":"","astra-migrate-meta-layouts":"set","ast-page-background-enabled":"default","ast-page-background-meta":{"desktop":{"background-color":"var(--ast-global-color-4)","background-image":"","background-repeat":"repeat","background-position":"center center","background-size":"auto","background-attachment":"scroll","background-type":"","background-media":"","overlay-type":"","overlay-color":"","overlay-opacity":"","overlay-gradient":""},"tablet":{"background-color":"","background-image":"","background-repeat":"repeat","background-position":"center center","background-size":"auto","background-attachment":"scroll","background-type":"","background-media":"","overlay-type":"","overlay-color":"","overlay-opacity":"","overlay-gradient":""},"mobile":{"background-color":"","background-image":"","background-repeat":"repeat","background-position":"center center","background-size":"auto","background-attachment":"scroll","background-type":"","background-media":"","overlay-type":"","overlay-color":"","overlay-opacity":"","overlay-gradient":""}},"ast-content-background-meta":{"desktop":{"background-color":"var(--ast-global-color-5)","background-image":"","background-repeat":"repeat","background-position":"center center","background-size":"auto","background-attachment":"scroll","background-type":"","background-media":"","overlay-type":"","overlay-color":"","overlay-opacity":"","overlay-gradient":""},"tablet":{"background-color":"var(--ast-global-color-5)","background-image":"","background-repeat":"repeat","background-position":"center center","background-size":"auto","background-attachment":"scroll","background-type":"","background-media":"","overlay-type":"","overlay-color":"","overlay-opacity":"","overlay-gradient":""},"mobile":{"background-color":"var(--ast-global-color-5)","background-image":"","background-repeat":"repeat","background-position":"center center","background-size":"auto","background-attachment":"scroll","background-type":"","background-media":"","overlay-type":"","overlay-color":"","overlay-opacity":"","overlay-gradient":""}},"footnotes":""},"class_list":["post-2128","page","type-page","status-publish","hentry"],"yoast_head":"<!-- This site is optimized with the Yoast SEO plugin v24.4 - https:\/\/yoast.com\/wordpress\/plugins\/seo\/ -->\n<title>Blog_EN - Bear With Me - Centrum terapii<\/title>\n<meta name=\"robots\" content=\"index, follow, max-snippet:-1, max-image-preview:large, max-video-preview:-1\" \/>\n<link rel=\"canonical\" href=\"https:\/\/bearwithme.pl\/?page_id=2128\" \/>\n<meta property=\"og:locale\" content=\"pl_PL\" \/>\n<meta property=\"og:type\" content=\"article\" \/>\n<meta property=\"og:title\" content=\"Blog_EN - Bear With Me - Centrum terapii\" \/>\n<meta property=\"og:description\" content=\"Blog Knowledge center Book an appointment At the Psychological and Educational Center for Children and Teenagers in Jelenia G\u00f3ra, we focus on education and supporting the development of every young [&hellip;]\" \/>\n<meta property=\"og:url\" content=\"https:\/\/bearwithme.pl\/?page_id=2128\" \/>\n<meta property=\"og:site_name\" content=\"Bear With Me - Centrum terapii\" \/>\n<meta property=\"article:modified_time\" content=\"2024-09-10T13:11:32+00:00\" \/>\n<meta property=\"og:image\" content=\"http:\/\/bearwithme.pl\/wp-content\/uploads\/2024\/03\/cudzysl.png\" \/>\n<meta name=\"twitter:card\" content=\"summary_large_image\" \/>\n<meta name=\"twitter:label1\" content=\"Szacowany czas czytania\" \/>\n\t<meta name=\"twitter:data1\" content=\"3 minuty\" \/>\n<script type=\"application\/ld+json\" class=\"yoast-schema-graph\">{\"@context\":\"https:\/\/schema.org\",\"@graph\":[{\"@type\":\"WebPage\",\"@id\":\"https:\/\/bearwithme.pl\/?page_id=2128\",\"url\":\"https:\/\/bearwithme.pl\/?page_id=2128\",\"name\":\"Blog_EN - Bear With Me - Centrum terapii\",\"isPartOf\":{\"@id\":\"https:\/\/bearwithme.pl\/#website\"},\"primaryImageOfPage\":{\"@id\":\"https:\/\/bearwithme.pl\/?page_id=2128#primaryimage\"},\"image\":{\"@id\":\"https:\/\/bearwithme.pl\/?page_id=2128#primaryimage\"},\"thumbnailUrl\":\"http:\/\/bearwithme.pl\/wp-content\/uploads\/2024\/03\/cudzysl.png\",\"datePublished\":\"2024-09-10T11:52:40+00:00\",\"dateModified\":\"2024-09-10T13:11:32+00:00\",\"breadcrumb\":{\"@id\":\"https:\/\/bearwithme.pl\/?page_id=2128#breadcrumb\"},\"inLanguage\":\"pl-PL\",\"potentialAction\":[{\"@type\":\"ReadAction\",\"target\":[\"https:\/\/bearwithme.pl\/?page_id=2128\"]}]},{\"@type\":\"ImageObject\",\"inLanguage\":\"pl-PL\",\"@id\":\"https:\/\/bearwithme.pl\/?page_id=2128#primaryimage\",\"url\":\"https:\/\/bearwithme.pl\/wp-content\/uploads\/2024\/03\/cudzysl.png\",\"contentUrl\":\"https:\/\/bearwithme.pl\/wp-content\/uploads\/2024\/03\/cudzysl.png\",\"width\":98,\"height\":100,\"caption\":\"pomoc psychologiczna dla dzieci autystycznych w Jeleniej G\u00f3rze\"},{\"@type\":\"BreadcrumbList\",\"@id\":\"https:\/\/bearwithme.pl\/?page_id=2128#breadcrumb\",\"itemListElement\":[{\"@type\":\"ListItem\",\"position\":1,\"name\":\"Strona g\u0142\u00f3wna\",\"item\":\"https:\/\/bearwithme.pl\/\"},{\"@type\":\"ListItem\",\"position\":2,\"name\":\"Blog_EN\"}]},{\"@type\":\"WebSite\",\"@id\":\"https:\/\/bearwithme.pl\/#website\",\"url\":\"https:\/\/bearwithme.pl\/\",\"name\":\"Bear With Me - Centrum terapii\",\"description\":\"\",\"potentialAction\":[{\"@type\":\"SearchAction\",\"target\":{\"@type\":\"EntryPoint\",\"urlTemplate\":\"https:\/\/bearwithme.pl\/?s={search_term_string}\"},\"query-input\":{\"@type\":\"PropertyValueSpecification\",\"valueRequired\":true,\"valueName\":\"search_term_string\"}}],\"inLanguage\":\"pl-PL\"}]}<\/script>\n<!-- \/ Yoast SEO plugin. -->","yoast_head_json":{"title":"Blog_EN - Bear With Me - Centrum terapii","robots":{"index":"index","follow":"follow","max-snippet":"max-snippet:-1","max-image-preview":"max-image-preview:large","max-video-preview":"max-video-preview:-1"},"canonical":"https:\/\/bearwithme.pl\/?page_id=2128","og_locale":"pl_PL","og_type":"article","og_title":"Blog_EN - Bear With Me - Centrum terapii","og_description":"Blog Knowledge center Book an appointment At the Psychological and Educational Center for Children and Teenagers in Jelenia G\u00f3ra, we focus on education and supporting the development of every young [&hellip;]","og_url":"https:\/\/bearwithme.pl\/?page_id=2128","og_site_name":"Bear With Me - Centrum terapii","article_modified_time":"2024-09-10T13:11:32+00:00","og_image":[{"url":"http:\/\/bearwithme.pl\/wp-content\/uploads\/2024\/03\/cudzysl.png","type":"","width":"","height":""}],"twitter_card":"summary_large_image","twitter_misc":{"Szacowany czas czytania":"3 minuty"},"schema":{"@context":"https:\/\/schema.org","@graph":[{"@type":"WebPage","@id":"https:\/\/bearwithme.pl\/?page_id=2128","url":"https:\/\/bearwithme.pl\/?page_id=2128","name":"Blog_EN - Bear With Me - Centrum terapii","isPartOf":{"@id":"https:\/\/bearwithme.pl\/#website"},"primaryImageOfPage":{"@id":"https:\/\/bearwithme.pl\/?page_id=2128#primaryimage"},"image":{"@id":"https:\/\/bearwithme.pl\/?page_id=2128#primaryimage"},"thumbnailUrl":"http:\/\/bearwithme.pl\/wp-content\/uploads\/2024\/03\/cudzysl.png","datePublished":"2024-09-10T11:52:40+00:00","dateModified":"2024-09-10T13:11:32+00:00","breadcrumb":{"@id":"https:\/\/bearwithme.pl\/?page_id=2128#breadcrumb"},"inLanguage":"pl-PL","potentialAction":[{"@type":"ReadAction","target":["https:\/\/bearwithme.pl\/?page_id=2128"]}]},{"@type":"ImageObject","inLanguage":"pl-PL","@id":"https:\/\/bearwithme.pl\/?page_id=2128#primaryimage","url":"https:\/\/bearwithme.pl\/wp-content\/uploads\/2024\/03\/cudzysl.png","contentUrl":"https:\/\/bearwithme.pl\/wp-content\/uploads\/2024\/03\/cudzysl.png","width":98,"height":100,"caption":"pomoc psychologiczna dla dzieci autystycznych w Jeleniej G\u00f3rze"},{"@type":"BreadcrumbList","@id":"https:\/\/bearwithme.pl\/?page_id=2128#breadcrumb","itemListElement":[{"@type":"ListItem","position":1,"name":"Strona g\u0142\u00f3wna","item":"https:\/\/bearwithme.pl\/"},{"@type":"ListItem","position":2,"name":"Blog_EN"}]},{"@type":"WebSite","@id":"https:\/\/bearwithme.pl\/#website","url":"https:\/\/bearwithme.pl\/","name":"Bear With Me - Centrum terapii","description":"","potentialAction":[{"@type":"SearchAction","target":{"@type":"EntryPoint","urlTemplate":"https:\/\/bearwithme.pl\/?s={search_term_string}"},"query-input":{"@type":"PropertyValueSpecification","valueRequired":true,"valueName":"search_term_string"}}],"inLanguage":"pl-PL"}]}},"_links":{"self":[{"href":"https:\/\/bearwithme.pl\/index.php?rest_route=\/wp\/v2\/pages\/2128","targetHints":{"allow":["GET"]}}],"collection":[{"href":"https:\/\/bearwithme.pl\/index.php?rest_route=\/wp\/v2\/pages"}],"about":[{"href":"https:\/\/bearwithme.pl\/index.php?rest_route=\/wp\/v2\/types\/page"}],"author":[{"embeddable":true,"href":"https:\/\/bearwithme.pl\/index.php?rest_route=\/wp\/v2\/users\/1"}],"replies":[{"embeddable":true,"href":"https:\/\/bearwithme.pl\/index.php?rest_route=%2Fwp%2Fv2%2Fcomments&post=2128"}],"version-history":[{"count":7,"href":"https:\/\/bearwithme.pl\/index.php?rest_route=\/wp\/v2\/pages\/2128\/revisions"}],"predecessor-version":[{"id":2192,"href":"https:\/\/bearwithme.pl\/index.php?rest_route=\/wp\/v2\/pages\/2128\/revisions\/2192"}],"wp:attachment":[{"href":"https:\/\/bearwithme.pl\/index.php?rest_route=%2Fwp%2Fv2%2Fmedia&parent=2128"}],"curies":[{"name":"wp","href":"https:\/\/api.w.org\/{rel}","templated":true}]}}