{"id":872,"date":"2024-04-02T12:27:21","date_gmt":"2024-04-02T10:27:21","guid":{"rendered":"https:\/\/bearwithme.pl\/?page_id=872"},"modified":"2025-07-26T10:50:41","modified_gmt":"2025-07-26T08:50:41","slug":"o-nas","status":"publish","type":"page","link":"https:\/\/bearwithme.pl\/?page_id=872","title":{"rendered":"O nas"},"content":{"rendered":"\t\t<div data-elementor-type=\"wp-page\" data-elementor-id=\"872\" class=\"elementor elementor-872\" data-elementor-post-type=\"page\">\n\t\t\t\t<div class=\"elementor-element elementor-element-69bee9b e-flex e-con-boxed e-con e-parent\" data-id=\"69bee9b\" data-element_type=\"container\">\n\t\t\t\t\t<div class=\"e-con-inner\">\n\t\t<div class=\"elementor-element elementor-element-2db80d8 e-con-full e-flex e-con e-child\" data-id=\"2db80d8\" data-element_type=\"container\">\n\t\t<div class=\"elementor-element elementor-element-fdae3cb e-flex e-con-boxed e-con e-child\" data-id=\"fdae3cb\" data-element_type=\"container\">\n\t\t\t\t\t<div class=\"e-con-inner\">\n\t\t\t\t<div class=\"elementor-element elementor-element-5622b8a elementor-widget__width-initial elementor-widget elementor-widget-heading\" data-id=\"5622b8a\" data-element_type=\"widget\" data-widget_type=\"heading.default\">\n\t\t\t\t<div class=\"elementor-widget-container\">\n\t\t\t\t\t<h2 class=\"elementor-heading-title elementor-size-default\">O nas<\/h2>\t\t\t\t<\/div>\n\t\t\t\t<\/div>\n\t\t\t\t\t<\/div>\n\t\t\t\t<\/div>\n\t\t\t\t<\/div>\n\t\t\t\t\t<\/div>\n\t\t\t\t<\/div>\n\t\t<div class=\"elementor-element elementor-element-493bfec e-con-full e-flex e-con e-parent\" data-id=\"493bfec\" data-element_type=\"container\">\n\t\t<div class=\"elementor-element elementor-element-9306a9d e-con-full e-flex e-con e-child\" data-id=\"9306a9d\" data-element_type=\"container\">\n\t\t<div class=\"elementor-element elementor-element-004d21d e-con-full e-flex e-con e-child\" data-id=\"004d21d\" data-element_type=\"container\">\n\t\t\t\t<div class=\"elementor-element elementor-element-b32437a elementor-widget__width-initial elementor-widget-mobile__width-initial elementor-widget elementor-widget-text-editor\" data-id=\"b32437a\" data-element_type=\"widget\" data-widget_type=\"text-editor.default\">\n\t\t\t\t<div class=\"elementor-widget-container\">\n\t\t\t\t\t\t\t\t\t<p data-start=\"99\" data-end=\"458\"><strong data-start=\"99\" data-end=\"115\">Bear with me<\/strong> to Centrum Psychologiczno-Edukacyjne dla dzieci i nastolatk\u00f3w. Specjalizujemy si\u0119 w pracy z dzie\u0107mi neuror\u00f3\u017cnorodnymi (spektrum, ADHD, ADD), jak i neurotypowymi. Tworzymy bezpieczn\u0105 przestrze\u0144, w kt\u00f3rej ka\u017cdy otrzyma psychologiczne wsparcie, zdob\u0119dzie umiej\u0119tno\u015bci komunikacyjne, nauczy si\u0119 pracy w grupie i tego, jak zadba\u0107 o sw\u00f3j dobrostan.<\/p><p data-start=\"460\" data-end=\"763\">Je\u017celi jest taka potrzeba, uk\u0142adamy indywidualny plan terapeutyczny dla ka\u017cdego dziecka, bior\u0105c pod uwag\u0119 jego mo\u017cliwo\u015bci, zasoby i mocne strony. Pomagamy dzieciom kszta\u0142towa\u0107 kompetencje spo\u0142eczne, umiej\u0119tno\u015bci poznawcze i komunikacyjne, dbaj\u0105c tak\u017ce o ich usamodzielnienie i poczucie w\u0142asnej warto\u015bci.<\/p><p data-start=\"765\" data-end=\"983\">Do dzieci podchodzimy z empati\u0105 i zrozumieniem (w ko\u0144cu wybra\u0142y\u015bmy taki zaw\u00f3d, bo lubimy pracowa\u0107 z dzie\u0107mi \ud83d\ude42 ) i znaj\u0105c ich mo\u017cliwo\u015bci pomagamy im w jak najwi\u0119kszym usamodzielnieniu si\u0119 i byciu cz\u0119\u015bci\u0105 spo\u0142ecze\u0144stwa.<\/p><p data-start=\"985\" data-end=\"1234\">Zaj\u0119cia s\u0105 efektywne, ale tak\u017ce atrakcyjne dla dzieci, chcemy, \u017ceby z ch\u0119ci\u0105 do nas wraca\u0142y i aby \u201cmi\u015b\u201d kojarzy\u0142 im si\u0119 jak najlepiej. Jeste\u015bmy tak\u017ce nastawione na \u015bcis\u0142\u0105 wsp\u00f3\u0142prac\u0119 z rodzicami, bo wszyscy mamy wsp\u00f3lny cel, jakim jest dobro dziecka.<\/p><p data-start=\"1236\" data-end=\"1323\" data-is-last-node=\"\" data-is-only-node=\"\">Dodatkowo, przeprowadzamy tak\u017ce testy diagnozuj\u0105ce autyzm (ASRS) oraz ADHD (Conners 3).<\/p>\t\t\t\t\t\t\t\t<\/div>\n\t\t\t\t<\/div>\n\t\t\t\t<\/div>\n\t\t\t\t<\/div>\n\t\t<div class=\"elementor-element elementor-element-4df681f e-flex e-con-boxed e-con e-child\" data-id=\"4df681f\" data-element_type=\"container\">\n\t\t\t\t\t<div class=\"e-con-inner\">\n\t\t\t\t<div class=\"elementor-element elementor-element-f1ad361 elementor-invisible elementor-widget elementor-widget-image\" data-id=\"f1ad361\" data-element_type=\"widget\" data-settings=\"{&quot;_animation&quot;:&quot;fadeInRight&quot;,&quot;_animation_mobile&quot;:&quot;fadeInUp&quot;,&quot;motion_fx_motion_fx_scrolling&quot;:&quot;yes&quot;,&quot;motion_fx_translateY_effect&quot;:&quot;yes&quot;,&quot;sticky&quot;:&quot;top&quot;,&quot;sticky_parent&quot;:&quot;yes&quot;,&quot;motion_fx_translateY_speed&quot;:{&quot;unit&quot;:&quot;px&quot;,&quot;size&quot;:4,&quot;sizes&quot;:[]},&quot;motion_fx_translateY_affectedRange&quot;:{&quot;unit&quot;:&quot;%&quot;,&quot;size&quot;:&quot;&quot;,&quot;sizes&quot;:{&quot;start&quot;:0,&quot;end&quot;:100}},&quot;motion_fx_devices&quot;:[&quot;desktop&quot;,&quot;tablet&quot;,&quot;mobile&quot;],&quot;sticky_on&quot;:[&quot;desktop&quot;,&quot;tablet&quot;,&quot;mobile&quot;],&quot;sticky_offset&quot;:0,&quot;sticky_effects_offset&quot;:0,&quot;sticky_anchor_link_offset&quot;:0}\" data-widget_type=\"image.default\">\n\t\t\t\t<div class=\"elementor-widget-container\">\n\t\t\t\t\t\t\t\t\t\t\t\t\t\t\t<img fetchpriority=\"high\" decoding=\"async\" width=\"1024\" height=\"912\" src=\"https:\/\/bearwithme.pl\/wp-content\/uploads\/2024\/03\/dziecko_psycholog2-1024x912.jpg\" class=\"attachment-large size-large wp-image-319\" alt=\"psycholog dzieci\u0119cy Jelenia G\u00f3ra\" srcset=\"https:\/\/bearwithme.pl\/wp-content\/uploads\/2024\/03\/dziecko_psycholog2-1024x912.jpg 1024w, https:\/\/bearwithme.pl\/wp-content\/uploads\/2024\/03\/dziecko_psycholog2-300x267.jpg 300w, https:\/\/bearwithme.pl\/wp-content\/uploads\/2024\/03\/dziecko_psycholog2-768x684.jpg 768w, https:\/\/bearwithme.pl\/wp-content\/uploads\/2024\/03\/dziecko_psycholog2-1536x1369.jpg 1536w, https:\/\/bearwithme.pl\/wp-content\/uploads\/2024\/03\/dziecko_psycholog2.jpg 1724w\" sizes=\"(max-width: 1024px) 100vw, 1024px\" \/>\t\t\t\t\t\t\t\t\t\t\t\t\t\t\t<\/div>\n\t\t\t\t<\/div>\n\t\t\t\t\t<\/div>\n\t\t\t\t<\/div>\n\t\t\t\t<\/div>\n\t\t\t\t<\/div>\n\t\t","protected":false},"excerpt":{"rendered":"<p>O nas Bear with me to Centrum Psychologiczno-Edukacyjne dla dzieci i nastolatk\u00f3w. Specjalizujemy si\u0119 w pracy z dzie\u0107mi neuror\u00f3\u017cnorodnymi (spektrum, ADHD, ADD), jak i neurotypowymi. Tworzymy bezpieczn\u0105 przestrze\u0144, w kt\u00f3rej [&hellip;]<\/p>\n","protected":false},"author":1,"featured_media":0,"parent":0,"menu_order":0,"comment_status":"closed","ping_status":"closed","template":"","meta":{"site-sidebar-layout":"no-sidebar","site-content-layout":"","ast-site-content-layout":"full-width-container","site-content-style":"default","site-sidebar-style":"default","ast-global-header-display":"","ast-banner-title-visibility":"","ast-main-header-display":"disabled","ast-hfb-above-header-display":"","ast-hfb-below-header-display":"","ast-hfb-mobile-header-display":"","site-post-title":"disabled","ast-breadcrumbs-content":"","ast-featured-img":"disabled","footer-sml-layout":"disabled","theme-transparent-header-meta":"default","adv-header-id-meta":"","stick-header-meta":"","header-above-stick-meta":"","header-main-stick-meta":"","header-below-stick-meta":"","astra-migrate-meta-layouts":"set","ast-page-background-enabled":"default","ast-page-background-meta":{"desktop":{"background-color":"var(--ast-global-color-4)","background-image":"","background-repeat":"repeat","background-position":"center center","background-size":"auto","background-attachment":"scroll","background-type":"","background-media":"","overlay-type":"","overlay-color":"","overlay-opacity":"","overlay-gradient":""},"tablet":{"background-color":"","background-image":"","background-repeat":"repeat","background-position":"center center","background-size":"auto","background-attachment":"scroll","background-type":"","background-media":"","overlay-type":"","overlay-color":"","overlay-opacity":"","overlay-gradient":""},"mobile":{"background-color":"","background-image":"","background-repeat":"repeat","background-position":"center center","background-size":"auto","background-attachment":"scroll","background-type":"","background-media":"","overlay-type":"","overlay-color":"","overlay-opacity":"","overlay-gradient":""}},"ast-content-background-meta":{"desktop":{"background-color":"var(--ast-global-color-5)","background-image":"","background-repeat":"repeat","background-position":"center center","background-size":"auto","background-attachment":"scroll","background-type":"","background-media":"","overlay-type":"","overlay-color":"","overlay-opacity":"","overlay-gradient":""},"tablet":{"background-color":"var(--ast-global-color-5)","background-image":"","background-repeat":"repeat","background-position":"center center","background-size":"auto","background-attachment":"scroll","background-type":"","background-media":"","overlay-type":"","overlay-color":"","overlay-opacity":"","overlay-gradient":""},"mobile":{"background-color":"var(--ast-global-color-5)","background-image":"","background-repeat":"repeat","background-position":"center center","background-size":"auto","background-attachment":"scroll","background-type":"","background-media":"","overlay-type":"","overlay-color":"","overlay-opacity":"","overlay-gradient":""}},"footnotes":""},"class_list":["post-872","page","type-page","status-publish","hentry"],"yoast_head":"<!-- This site is optimized with the Yoast SEO plugin v24.4 - https:\/\/yoast.com\/wordpress\/plugins\/seo\/ -->\n<title>O nas - Bear With Me - Centrum terapii<\/title>\n<meta name=\"robots\" content=\"index, follow, max-snippet:-1, max-image-preview:large, max-video-preview:-1\" \/>\n<link rel=\"canonical\" href=\"https:\/\/bearwithme.pl\/?page_id=872\" \/>\n<meta property=\"og:locale\" content=\"pl_PL\" \/>\n<meta property=\"og:type\" content=\"article\" \/>\n<meta property=\"og:title\" content=\"O nas - Bear With Me - Centrum terapii\" \/>\n<meta property=\"og:description\" content=\"O nas Bear with me to Centrum Psychologiczno-Edukacyjne dla dzieci i nastolatk\u00f3w. Specjalizujemy si\u0119 w pracy z dzie\u0107mi neuror\u00f3\u017cnorodnymi (spektrum, ADHD, ADD), jak i neurotypowymi. Tworzymy bezpieczn\u0105 przestrze\u0144, w kt\u00f3rej [&hellip;]\" \/>\n<meta property=\"og:url\" content=\"https:\/\/bearwithme.pl\/?page_id=872\" \/>\n<meta property=\"og:site_name\" content=\"Bear With Me - Centrum terapii\" \/>\n<meta property=\"article:modified_time\" content=\"2025-07-26T08:50:41+00:00\" \/>\n<meta property=\"og:image\" content=\"https:\/\/bearwithme.pl\/wp-content\/uploads\/2024\/03\/dziecko_psycholog2.jpg\" \/>\n\t<meta property=\"og:image:width\" content=\"1724\" \/>\n\t<meta property=\"og:image:height\" content=\"1536\" \/>\n\t<meta property=\"og:image:type\" content=\"image\/jpeg\" \/>\n<meta name=\"twitter:card\" content=\"summary_large_image\" \/>\n<meta name=\"twitter:label1\" content=\"Szacowany czas czytania\" \/>\n\t<meta name=\"twitter:data1\" content=\"2 minuty\" \/>\n<script type=\"application\/ld+json\" class=\"yoast-schema-graph\">{\"@context\":\"https:\/\/schema.org\",\"@graph\":[{\"@type\":\"WebPage\",\"@id\":\"https:\/\/bearwithme.pl\/?page_id=872\",\"url\":\"https:\/\/bearwithme.pl\/?page_id=872\",\"name\":\"O nas - Bear With Me - Centrum terapii\",\"isPartOf\":{\"@id\":\"https:\/\/bearwithme.pl\/#website\"},\"primaryImageOfPage\":{\"@id\":\"https:\/\/bearwithme.pl\/?page_id=872#primaryimage\"},\"image\":{\"@id\":\"https:\/\/bearwithme.pl\/?page_id=872#primaryimage\"},\"thumbnailUrl\":\"http:\/\/bearwithme.pl\/wp-content\/uploads\/2024\/03\/dziecko_psycholog2-1024x912.jpg\",\"datePublished\":\"2024-04-02T10:27:21+00:00\",\"dateModified\":\"2025-07-26T08:50:41+00:00\",\"breadcrumb\":{\"@id\":\"https:\/\/bearwithme.pl\/?page_id=872#breadcrumb\"},\"inLanguage\":\"pl-PL\",\"potentialAction\":[{\"@type\":\"ReadAction\",\"target\":[\"https:\/\/bearwithme.pl\/?page_id=872\"]}]},{\"@type\":\"ImageObject\",\"inLanguage\":\"pl-PL\",\"@id\":\"https:\/\/bearwithme.pl\/?page_id=872#primaryimage\",\"url\":\"https:\/\/bearwithme.pl\/wp-content\/uploads\/2024\/03\/dziecko_psycholog2.jpg\",\"contentUrl\":\"https:\/\/bearwithme.pl\/wp-content\/uploads\/2024\/03\/dziecko_psycholog2.jpg\",\"width\":1724,\"height\":1536,\"caption\":\"psycholog dzieci\u0119cy Jelenia G\u00f3ra\"},{\"@type\":\"BreadcrumbList\",\"@id\":\"https:\/\/bearwithme.pl\/?page_id=872#breadcrumb\",\"itemListElement\":[{\"@type\":\"ListItem\",\"position\":1,\"name\":\"Strona g\u0142\u00f3wna\",\"item\":\"https:\/\/bearwithme.pl\/\"},{\"@type\":\"ListItem\",\"position\":2,\"name\":\"O nas\"}]},{\"@type\":\"WebSite\",\"@id\":\"https:\/\/bearwithme.pl\/#website\",\"url\":\"https:\/\/bearwithme.pl\/\",\"name\":\"Bear With Me - Centrum terapii\",\"description\":\"\",\"potentialAction\":[{\"@type\":\"SearchAction\",\"target\":{\"@type\":\"EntryPoint\",\"urlTemplate\":\"https:\/\/bearwithme.pl\/?s={search_term_string}\"},\"query-input\":{\"@type\":\"PropertyValueSpecification\",\"valueRequired\":true,\"valueName\":\"search_term_string\"}}],\"inLanguage\":\"pl-PL\"}]}<\/script>\n<!-- \/ Yoast SEO plugin. -->","yoast_head_json":{"title":"O nas - Bear With Me - Centrum terapii","robots":{"index":"index","follow":"follow","max-snippet":"max-snippet:-1","max-image-preview":"max-image-preview:large","max-video-preview":"max-video-preview:-1"},"canonical":"https:\/\/bearwithme.pl\/?page_id=872","og_locale":"pl_PL","og_type":"article","og_title":"O nas - Bear With Me - Centrum terapii","og_description":"O nas Bear with me to Centrum Psychologiczno-Edukacyjne dla dzieci i nastolatk\u00f3w. Specjalizujemy si\u0119 w pracy z dzie\u0107mi neuror\u00f3\u017cnorodnymi (spektrum, ADHD, ADD), jak i neurotypowymi. Tworzymy bezpieczn\u0105 przestrze\u0144, w kt\u00f3rej [&hellip;]","og_url":"https:\/\/bearwithme.pl\/?page_id=872","og_site_name":"Bear With Me - Centrum terapii","article_modified_time":"2025-07-26T08:50:41+00:00","og_image":[{"width":1724,"height":1536,"url":"https:\/\/bearwithme.pl\/wp-content\/uploads\/2024\/03\/dziecko_psycholog2.jpg","type":"image\/jpeg"}],"twitter_card":"summary_large_image","twitter_misc":{"Szacowany czas czytania":"2 minuty"},"schema":{"@context":"https:\/\/schema.org","@graph":[{"@type":"WebPage","@id":"https:\/\/bearwithme.pl\/?page_id=872","url":"https:\/\/bearwithme.pl\/?page_id=872","name":"O nas - Bear With Me - Centrum terapii","isPartOf":{"@id":"https:\/\/bearwithme.pl\/#website"},"primaryImageOfPage":{"@id":"https:\/\/bearwithme.pl\/?page_id=872#primaryimage"},"image":{"@id":"https:\/\/bearwithme.pl\/?page_id=872#primaryimage"},"thumbnailUrl":"http:\/\/bearwithme.pl\/wp-content\/uploads\/2024\/03\/dziecko_psycholog2-1024x912.jpg","datePublished":"2024-04-02T10:27:21+00:00","dateModified":"2025-07-26T08:50:41+00:00","breadcrumb":{"@id":"https:\/\/bearwithme.pl\/?page_id=872#breadcrumb"},"inLanguage":"pl-PL","potentialAction":[{"@type":"ReadAction","target":["https:\/\/bearwithme.pl\/?page_id=872"]}]},{"@type":"ImageObject","inLanguage":"pl-PL","@id":"https:\/\/bearwithme.pl\/?page_id=872#primaryimage","url":"https:\/\/bearwithme.pl\/wp-content\/uploads\/2024\/03\/dziecko_psycholog2.jpg","contentUrl":"https:\/\/bearwithme.pl\/wp-content\/uploads\/2024\/03\/dziecko_psycholog2.jpg","width":1724,"height":1536,"caption":"psycholog dzieci\u0119cy Jelenia G\u00f3ra"},{"@type":"BreadcrumbList","@id":"https:\/\/bearwithme.pl\/?page_id=872#breadcrumb","itemListElement":[{"@type":"ListItem","position":1,"name":"Strona g\u0142\u00f3wna","item":"https:\/\/bearwithme.pl\/"},{"@type":"ListItem","position":2,"name":"O nas"}]},{"@type":"WebSite","@id":"https:\/\/bearwithme.pl\/#website","url":"https:\/\/bearwithme.pl\/","name":"Bear With Me - Centrum terapii","description":"","potentialAction":[{"@type":"SearchAction","target":{"@type":"EntryPoint","urlTemplate":"https:\/\/bearwithme.pl\/?s={search_term_string}"},"query-input":{"@type":"PropertyValueSpecification","valueRequired":true,"valueName":"search_term_string"}}],"inLanguage":"pl-PL"}]}},"_links":{"self":[{"href":"https:\/\/bearwithme.pl\/index.php?rest_route=\/wp\/v2\/pages\/872","targetHints":{"allow":["GET"]}}],"collection":[{"href":"https:\/\/bearwithme.pl\/index.php?rest_route=\/wp\/v2\/pages"}],"about":[{"href":"https:\/\/bearwithme.pl\/index.php?rest_route=\/wp\/v2\/types\/page"}],"author":[{"embeddable":true,"href":"https:\/\/bearwithme.pl\/index.php?rest_route=\/wp\/v2\/users\/1"}],"replies":[{"embeddable":true,"href":"https:\/\/bearwithme.pl\/index.php?rest_route=%2Fwp%2Fv2%2Fcomments&post=872"}],"version-history":[{"count":43,"href":"https:\/\/bearwithme.pl\/index.php?rest_route=\/wp\/v2\/pages\/872\/revisions"}],"predecessor-version":[{"id":2355,"href":"https:\/\/bearwithme.pl\/index.php?rest_route=\/wp\/v2\/pages\/872\/revisions\/2355"}],"wp:attachment":[{"href":"https:\/\/bearwithme.pl\/index.php?rest_route=%2Fwp%2Fv2%2Fmedia&parent=872"}],"curies":[{"name":"wp","href":"https:\/\/api.w.org\/{rel}","templated":true}]}}